{"id":2199,"date":"2021-05-21T14:24:36","date_gmt":"2021-05-21T12:24:36","guid":{"rendered":"https:\/\/paris-black-cars.com\/nossos-servicos\/"},"modified":"2023-12-28T14:39:12","modified_gmt":"2023-12-28T13:39:12","slug":"nossos-servicos","status":"publish","type":"page","link":"https:\/\/paris-black-cars.com\/pt-br\/nossos-servicos\/","title":{"rendered":"NOSSOS SERVI\u00c7OS"},"content":{"rendered":"<div class=\"wpb-content-wrapper\">[vc_row][vc_column][vc_tta_accordion c_icon=&#8221;chevron&#8221; active_section=&#8221;1&#8243; css_animation=&#8221;none&#8221; collapsible_all=&#8221;true&#8221;][vc_tta_section title=&#8221;Transfer\u00eancia privada&#8221; tab_id=&#8221;1549379757466-4d9d22df-c98e&#8221;][vc_column_text css_animation=&#8221;none&#8221;]O motorista esperar\u00e1 por voc\u00ea no sagu\u00e3o de desembarque pr\u00f3ximo ao carrossel de bagagens de seu voo.<br \/>\nTer\u00e1 uma placa com o seu nome. Ele o ajudar\u00e1 a carregar sua bagagem e a lev\u00e1-lo at\u00e9 o carro. Ele o deixar\u00e1 no endere\u00e7o indicado na sua reserva.<\/p>\n<p>(Se desejar fazer uma parada adicional durante sua viagem, entre em contato conosco por e-mail ou Whatsapp ao fazer sua reserva)<\/p>\n<p>No dia da sa\u00edda, o motorista estar\u00e1 \u00e0 sua disposi\u00e7\u00e3o no hor\u00e1rio e local indicados no seu e-ticket, no lobby do hotel ou em frente \u00e0 sua resid\u00eancia.<\/p>\n<p>Please kindly note that we take into account the time you need to pick-up your luggage and go through customs. Caso tenha algum problema na alf\u00e2ndega ou extravio de suas bagagens, por favor, entre em contato pelo whatsapp para que possamos solucionar o problema.<\/p>\n<p>Observe que verificamos o status do voo e ajustaremos o hor\u00e1rio de embarque se houver algum atraso.<\/p>\n<p>Se voc\u00ea percebeu que esqueceu um item no carro, por favor, entre em contato conosco imediatamente para que possamos localiz\u00e1-lo e traz\u00ea-lo para voc\u00ea.<\/p>\n[\/vc_column_text][\/vc_tta_section][vc_tta_section title=&#8221;Ve\u00edculo e motorista dispon\u00edveis&#8221; tab_id=&#8221;1549379757494-8b336d49-6c6b&#8221;][vc_column_text css_animation=&#8221;none&#8221;]Podemos fornecer um ve\u00edculo com motorista, n\u00e3o s\u00f3 para viagens profissionais, mas tamb\u00e9m para todas as viagens de lazer (compras, passeios de alegria, turismo, etc.).<br \/>\nO pre\u00e7o deste servi\u00e7o varia de acordo com o tipo de ve\u00edculo.<br \/>\nOferecemos 2 tipos de ve\u00edculos:<\/p>\n<p><strong>Ve\u00edc<br \/>\nulos de luxo<\/strong> strong, Mercedes Classe E, Mercedes Classe S, BMW s\u00e9rie 5 e Minivan Viano.<br \/>\nChocolate, revistas e \u00e1gua mineral s\u00e3o fornecidos a bordo.<br \/>\nOs motoristas usam palet\u00f3 e gravata, falam ingl\u00eas fluentemente e s\u00e3o simp\u00e1ticos e discretos.<\/p>\n<p><strong>Ve\u00edculos econ\u00f4micos<\/strong><br \/>\nSedans padr\u00e3o da Renault ou Citro\u00ebn (Renault Scenic ou Citro\u00ebn C4, C5).<br \/>\nAs minivans Renault Trafic s\u00e3o espa\u00e7osas, limpas e confort\u00e1veis.<br \/>\nOs motoristas s\u00e3o bem vestidos, amig\u00e1veis e fluentes em ingl\u00eas.<\/p>\n<p>Voc\u00ea pode solicitar um ve\u00edculo com motorista \u00e0 disposi\u00e7\u00e3o por no m\u00ednimo 2 horas e no m\u00e1ximo para viagens locais e de longa dist\u00e2ncia na Fran\u00e7a e na Europa. Nossos motoristas s\u00e3o profissionais, experientes e sabem lidar com o ingl\u00eas.<br \/>\nN\u00e3o hesite em nos contactar para obter um or\u00e7amento ou um retorno de chamada. Voc\u00ea pode entrar em contato conosco via Whatsapp +33177472123 ou pelo telefone +331775035283. Voc\u00ea tamb\u00e9m pode entrar em contato conosco atrav\u00e9s do e-mail info@paris-black-cars.com[\/vc_column_text][\/vc_tta_section][\/vc_tta_accordion][\/vc_column][\/vc_row]\n<\/div>","protected":false},"excerpt":{"rendered":"<p>[vc_row][vc_column][vc_tta_accordion c_icon=&#8221;chevron&#8221; active_section=&#8221;1&#8243; css_animation=&#8221;none&#8221; collapsible_all=&#8221;true&#8221;][vc_tta_section title=&#8221;Transfer\u00eancia privada&#8221; tab_id=&#8221;1549379757466-4d9d22df-c98e&#8221;][vc_column_text css_animation=&#8221;none&#8221;]O motorista esperar\u00e1 por voc\u00ea no sagu\u00e3o de desembarque pr\u00f3ximo ao carrossel de bagagens de seu voo. Ter\u00e1 uma placa com o seu nome. Ele o ajudar\u00e1 a carregar sua bagagem e a lev\u00e1-lo at\u00e9 o carro. Ele o deixar\u00e1 no endere\u00e7o indicado na sua reserva. (Se<\/p>\n","protected":false},"author":1,"featured_media":0,"parent":0,"menu_order":0,"comment_status":"closed","ping_status":"closed","template":"","meta":{"footnotes":""},"class_list":["post-2199","page","type-page","status-publish","hentry"],"_links":{"self":[{"href":"https:\/\/paris-black-cars.com\/pt-br\/wp-json\/wp\/v2\/pages\/2199","targetHints":{"allow":["GET"]}}],"collection":[{"href":"https:\/\/paris-black-cars.com\/pt-br\/wp-json\/wp\/v2\/pages"}],"about":[{"href":"https:\/\/paris-black-cars.com\/pt-br\/wp-json\/wp\/v2\/types\/page"}],"author":[{"embeddable":true,"href":"https:\/\/paris-black-cars.com\/pt-br\/wp-json\/wp\/v2\/users\/1"}],"replies":[{"embeddable":true,"href":"https:\/\/paris-black-cars.com\/pt-br\/wp-json\/wp\/v2\/comments?post=2199"}],"version-history":[{"count":10,"href":"https:\/\/paris-black-cars.com\/pt-br\/wp-json\/wp\/v2\/pages\/2199\/revisions"}],"predecessor-version":[{"id":13597,"href":"https:\/\/paris-black-cars.com\/pt-br\/wp-json\/wp\/v2\/pages\/2199\/revisions\/13597"}],"wp:attachment":[{"href":"https:\/\/paris-black-cars.com\/pt-br\/wp-json\/wp\/v2\/media?parent=2199"}],"curies":[{"name":"wp","href":"https:\/\/api.w.org\/{rel}","templated":true}]}}