{"id":2191,"date":"2021-05-21T11:00:55","date_gmt":"2021-05-21T09:00:55","guid":{"rendered":"https:\/\/paris-black-cars.com\/frota\/"},"modified":"2023-12-28T15:02:51","modified_gmt":"2023-12-28T14:02:51","slug":"frota-de-veiculos","status":"publish","type":"page","link":"https:\/\/paris-black-cars.com\/pt-br\/frota-de-veiculos\/","title":{"rendered":"Nossa Frota de Ve\u00edculos"},"content":{"rendered":"<div class=\"wpb-content-wrapper\">[vc_row][vc_column]\t\t\n\t\t<!-- BEGIN .fleet-block-wrapper -->\n\t\t<div class=\"fleet-block-wrapper fleet-2-cols clearfix\">\n\n\t\t\t\t\t\t\t\n\t\t\t\t<!-- BEGIN .fleet-block -->\n\t\t\t\t<div class=\"fleet-block\">\n\t\t\t\t\t\n\t\t\t\t\t\t\t\t\t\t\t\n\t\t\t\t\t\t<div class=\"fleet-block-image\">\n\t\t\t\t\t\t\t\n\t\t\t\t\t\t\t<a href=\"https:\/\/paris-black-cars.com\/pt-br\/fleet\/moto-taxi-paris\/\" rel=\"bookmark\" title=\"Moto T\u00e1xi Paris\">\n\t\t\t\t\t\t\t\t<img decoding=\"async\" src=\"https:\/\/paris-black-cars.com\/wp-content\/uploads\/2023\/05\/mototaxiparis-600x380.png\" alt=\"\" title=\"\">\t\t\t\t\t\t\t<\/a>\n\t\t\t\t\t\t<\/div>\n\n\t\t\t\t\t\t\t\t\t\t\n\t\t\t\t\t<div class=\"fleet-block-content\">\n\t\t\t\t\t\t\n\t\t\t\t\t\t\t\t\t\t\t\t\t<div class=\"fleet-price\">De 90\u20ac<\/div>\n\t\t\t\t\t\t\t\t\t\t\t\t\n\t\t\t\t\t\t<h4><a href=\"https:\/\/paris-black-cars.com\/pt-br\/fleet\/moto-taxi-paris\/\" rel=\"bookmark\" title=\"Moto T\u00e1xi Paris\">Moto T\u00e1xi Paris<\/a><\/h4>\n\t\t\t\t\t\t<div class=\"title-block3\"><\/div>\n\t\t\t\t\t\tMoto Taxi <p>\r\n<ul class=\"list-style4\">\r\n<li>1 Passengers<\/li>\r\n<li>1 Bag<\/li>\r\n<\/ul>\t\t\t\t\t<\/div>\n\t\t\t\t\t\n\t\t\t\t<!-- END .fleet-block -->\n\t\t\t\t<\/div>\n\t\t\t\t\n\t\t\t\t\t\t\t\n\t\t\t\t<!-- BEGIN .fleet-block -->\n\t\t\t\t<div class=\"fleet-block\">\n\t\t\t\t\t\n\t\t\t\t\t\t\t\t\t\t\t\n\t\t\t\t\t\t<div class=\"fleet-block-image\">\n\t\t\t\t\t\t\t\n\t\t\t\t\t\t\t<a href=\"https:\/\/paris-black-cars.com\/pt-br\/fleet\/reliable-paris-private-transfers-economy-car-service\/\" rel=\"bookmark\" title=\"Carro Sedan Econ\u00f4mico\">\n\t\t\t\t\t\t\t\t<img decoding=\"async\" src=\"https:\/\/paris-black-cars.com\/wp-content\/uploads\/2023\/12\/bmw-3-series-sedan-color-858696-600x380.avif\" alt=\"Confort Sedan \" title=\"\">\t\t\t\t\t\t\t<\/a>\n\t\t\t\t\t\t<\/div>\n\n\t\t\t\t\t\t\t\t\t\t\n\t\t\t\t\t<div class=\"fleet-block-content\">\n\t\t\t\t\t\t\n\t\t\t\t\t\t\t\t\t\t\t\t\t<div class=\"fleet-price\">De 55\u20ac<\/div>\n\t\t\t\t\t\t\t\t\t\t\t\t\n\t\t\t\t\t\t<h4><a href=\"https:\/\/paris-black-cars.com\/pt-br\/fleet\/reliable-paris-private-transfers-economy-car-service\/\" rel=\"bookmark\" title=\"Carro Sedan Econ\u00f4mico\">Carro Sedan Econ\u00f4mico<\/a><\/h4>\n\t\t\t\t\t\t<div class=\"title-block3\"><\/div>\n\t\t\t\t\t\tCH-R Toyota, Peugeot 508  or similar<p>\r\n<ul class=\"list-style4\">\r\n<li>3 Passengers<\/li>\r\n<li>3 Bags<\/li>\r\n<\/ul>\r\n\t\t\t\t\t<\/div>\n\t\t\t\t\t\n\t\t\t\t<!-- END .fleet-block -->\n\t\t\t\t<\/div>\n\t\t\t\t\n\t\t\t\t\t\t\t\n\t\t\t\t<!-- BEGIN .fleet-block -->\n\t\t\t\t<div class=\"fleet-block\">\n\t\t\t\t\t\n\t\t\t\t\t\t\t\t\t\t\t\n\t\t\t\t\t\t<div class=\"fleet-block-image\">\n\t\t\t\t\t\t\t\n\t\t\t\t\t\t\t<a href=\"https:\/\/paris-black-cars.com\/pt-br\/fleet\/wheelchair-adapted-minivan\/\" rel=\"bookmark\" title=\"Minivan adaptada para cadeira de rodas\">\n\t\t\t\t\t\t\t\t<img decoding=\"async\" src=\"https:\/\/paris-black-cars.com\/wp-content\/uploads\/2023\/05\/Ford-Grand-Tourneo-Connect-with-Flexi-Ramp1-ws-600x380.png\" alt=\"Wheelchair Adpated Minivan Paris\" title=\"\">\t\t\t\t\t\t\t<\/a>\n\t\t\t\t\t\t<\/div>\n\n\t\t\t\t\t\t\t\t\t\t\n\t\t\t\t\t<div class=\"fleet-block-content\">\n\t\t\t\t\t\t\n\t\t\t\t\t\t\t\t\t\t\t\t\t<div class=\"fleet-price\">De 80\u20ac<\/div>\n\t\t\t\t\t\t\t\t\t\t\t\t\n\t\t\t\t\t\t<h4><a href=\"https:\/\/paris-black-cars.com\/pt-br\/fleet\/wheelchair-adapted-minivan\/\" rel=\"bookmark\" title=\"Minivan adaptada para cadeira de rodas\">Minivan adaptada para cadeira de rodas<\/a><\/h4>\n\t\t\t\t\t\t<div class=\"title-block3\"><\/div>\n\t\t\t\t\t\tMinivan Ford Tourneo Adaptado <p>\n<ul class=\"list-style4\">\n<li>4 passageiros +1 ou 2 cadeiras de rodas<\/li>\n<li>7 bolsas<\/li>\n<\/ul>\t\t\t\t\t<\/div>\n\t\t\t\t\t\n\t\t\t\t<!-- END .fleet-block -->\n\t\t\t\t<\/div>\n\t\t\t\t\n\t\t\t\t\t\t\t\n\t\t\t\t<!-- BEGIN .fleet-block -->\n\t\t\t\t<div class=\"fleet-block\">\n\t\t\t\t\t\n\t\t\t\t\t\t\t\t\t\t\t\n\t\t\t\t\t\t<div class=\"fleet-block-image\">\n\t\t\t\t\t\t\t\n\t\t\t\t\t\t\t<a href=\"https:\/\/paris-black-cars.com\/pt-br\/fleet\/moto-taxi\/\" rel=\"bookmark\" title=\"Moto T\u00e1xi\">\n\t\t\t\t\t\t\t\t<img decoding=\"async\" src=\"https:\/\/paris-black-cars.com\/wp-content\/uploads\/2023\/05\/moto-taxi-600x380.jpg\" alt=\"Paris Moto Taxi\" title=\"\">\t\t\t\t\t\t\t<\/a>\n\t\t\t\t\t\t<\/div>\n\n\t\t\t\t\t\t\t\t\t\t\n\t\t\t\t\t<div class=\"fleet-block-content\">\n\t\t\t\t\t\t\n\t\t\t\t\t\t\t\t\t\t\t\t\t<div class=\"fleet-price\">De 80\u20ac<\/div>\n\t\t\t\t\t\t\t\t\t\t\t\t\n\t\t\t\t\t\t<h4><a href=\"https:\/\/paris-black-cars.com\/pt-br\/fleet\/moto-taxi\/\" rel=\"bookmark\" title=\"Moto T\u00e1xi\">Moto T\u00e1xi<\/a><\/h4>\n\t\t\t\t\t\t<div class=\"title-block3\"><\/div>\n\t\t\t\t\t\tApresentamos nosso servi\u00e7o Moto T\u00e1xi em Paris - a solu\u00e7\u00e3o definitiva para transporte r\u00e1pido e eficiente. Diga adeus aos engarrafamentos e ol\u00e1 \u00e0 economia de tempo com nossas motocicletas Honda Goldwing e motoristas experientes. Experimente conveni\u00eancia, conforto e seguran\u00e7a como nunca antes. Reserve agora e descubra a rapidez e confiabilidade do nosso servi\u00e7o de Moto T\u00e1xi em Paris.\t\t\t\t\t<\/div>\n\t\t\t\t\t\n\t\t\t\t<!-- END .fleet-block -->\n\t\t\t\t<\/div>\n\t\t\t\t\n\t\t\t\t\t\t\t\n\t\t\t\t<!-- BEGIN .fleet-block -->\n\t\t\t\t<div class=\"fleet-block\">\n\t\t\t\t\t\n\t\t\t\t\t\t\t\t\t\t\t\n\t\t\t\t\t\t<div class=\"fleet-block-image\">\n\t\t\t\t\t\t\t\n\t\t\t\t\t\t\t<a href=\"https:\/\/paris-black-cars.com\/pt-br\/fleet\/2-minivans-16-seats\/\" rel=\"bookmark\" title=\"2 minivans &#8211; 16 seats\">\n\t\t\t\t\t\t\t\t<img decoding=\"async\" src=\"https:\/\/paris-black-cars.com\/wp-content\/uploads\/2023\/04\/2minivan-600x380.png\" alt=\"2 minivans\" title=\"\">\t\t\t\t\t\t\t<\/a>\n\t\t\t\t\t\t<\/div>\n\n\t\t\t\t\t\t\t\t\t\t\n\t\t\t\t\t<div class=\"fleet-block-content\">\n\t\t\t\t\t\t\n\t\t\t\t\t\t\t\t\t\t\t\t\t<div class=\"fleet-price\">De 140\u20ac<\/div>\n\t\t\t\t\t\t\t\t\t\t\t\t\n\t\t\t\t\t\t<h4><a href=\"https:\/\/paris-black-cars.com\/pt-br\/fleet\/2-minivans-16-seats\/\" rel=\"bookmark\" title=\"2 minivans &#8211; 16 seats\">2 minivans &#8211; 16 seats<\/a><\/h4>\n\t\t\t\t\t\t<div class=\"title-block3\"><\/div>\n\t\t\t\t\t\t2 8-seater Minivans  <p>\r\n<ul class=\"list-style4\">\r\n<li>16 Passengers<\/li>\r\n<li>16 Bags<\/li>\r\n<\/ul>\t\t\t\t\t<\/div>\n\t\t\t\t\t\n\t\t\t\t<!-- END .fleet-block -->\n\t\t\t\t<\/div>\n\t\t\t\t\n\t\t\t\t\t\t\t\n\t\t\t\t<!-- BEGIN .fleet-block -->\n\t\t\t\t<div class=\"fleet-block\">\n\t\t\t\t\t\n\t\t\t\t\t\t\t\t\t\t\t\n\t\t\t\t\t\t<div class=\"fleet-block-image\">\n\t\t\t\t\t\t\t\n\t\t\t\t\t\t\t<a href=\"https:\/\/paris-black-cars.com\/pt-br\/fleet\/19-seater-sprinter-minibus\/\" rel=\"bookmark\" title=\"19 Seater Sprinter Minibus\">\n\t\t\t\t\t\t\t\t<img decoding=\"async\" src=\"https:\/\/paris-black-cars.com\/wp-content\/uploads\/2023\/04\/mercedes-benz-sprinter-black-600x380.avif\" alt=\"Sprinter Minibus Paris\" title=\"\">\t\t\t\t\t\t\t<\/a>\n\t\t\t\t\t\t<\/div>\n\n\t\t\t\t\t\t\t\t\t\t\n\t\t\t\t\t<div class=\"fleet-block-content\">\n\t\t\t\t\t\t\n\t\t\t\t\t\t\t\t\t\t\t\t\t<div class=\"fleet-price\">De 275\u20ac<\/div>\n\t\t\t\t\t\t\t\t\t\t\t\t\n\t\t\t\t\t\t<h4><a href=\"https:\/\/paris-black-cars.com\/pt-br\/fleet\/19-seater-sprinter-minibus\/\" rel=\"bookmark\" title=\"19 Seater Sprinter Minibus\">19 Seater Sprinter Minibus<\/a><\/h4>\n\t\t\t\t\t\t<div class=\"title-block3\"><\/div>\n\t\t\t\t\t\t19 seater Mercedes Sprinter Minibus <p>\r\n<ul class=\"list-style4\">\r\n<li>19 Passengers<\/li>\r\n<li>15 Bags<\/li>\r\n<\/ul>\t\t\t\t\t<\/div>\n\t\t\t\t\t\n\t\t\t\t<!-- END .fleet-block -->\n\t\t\t\t<\/div>\n\t\t\t\t\n\t\t\t\t\t\t\t\n\t\t\t\t<!-- BEGIN .fleet-block -->\n\t\t\t\t<div class=\"fleet-block\">\n\t\t\t\t\t\n\t\t\t\t\t\t\t\t\t\t\t\n\t\t\t\t\t\t<div class=\"fleet-block-image\">\n\t\t\t\t\t\t\t\n\t\t\t\t\t\t\t<a href=\"https:\/\/paris-black-cars.com\/pt-br\/fleet\/vip-luxury-minivan\/\" rel=\"bookmark\" title=\"Maybach Luxury Minivan\">\n\t\t\t\t\t\t\t\t<img decoding=\"async\" src=\"https:\/\/paris-black-cars.com\/wp-content\/uploads\/2021\/10\/Klassen-1-600x380.webp\" alt=\"Klassen V Class Paris\" title=\"\">\t\t\t\t\t\t\t<\/a>\n\t\t\t\t\t\t<\/div>\n\n\t\t\t\t\t\t\t\t\t\t\n\t\t\t\t\t<div class=\"fleet-block-content\">\n\t\t\t\t\t\t\n\t\t\t\t\t\t\t\t\t\t\t\t\t<div class=\"fleet-price\">De 150\u20ac<\/div>\n\t\t\t\t\t\t\t\t\t\t\t\t\n\t\t\t\t\t\t<h4><a href=\"https:\/\/paris-black-cars.com\/pt-br\/fleet\/vip-luxury-minivan\/\" rel=\"bookmark\" title=\"Maybach Luxury Minivan\">Maybach Luxury Minivan<\/a><\/h4>\n\t\t\t\t\t\t<div class=\"title-block3\"><\/div>\n\t\t\t\t\t\tV Class KLASSEN by Maybach<p>\r\n<ul class=\"list-style4\">\r\n<li>4 Passengers<\/li>\r\n<li>5 Bags<\/li>\r\n<\/ul>\t\t\t\t\t<\/div>\n\t\t\t\t\t\n\t\t\t\t<!-- END .fleet-block -->\n\t\t\t\t<\/div>\n\t\t\t\t\n\t\t\t\t\t\t\t\n\t\t\t\t<!-- BEGIN .fleet-block -->\n\t\t\t\t<div class=\"fleet-block\">\n\t\t\t\t\t\n\t\t\t\t\t\t\t\t\t\t\t\n\t\t\t\t\t\t<div class=\"fleet-block-image\">\n\t\t\t\t\t\t\t\n\t\t\t\t\t\t\t<a href=\"https:\/\/paris-black-cars.com\/pt-br\/fleet\/carrinha-paris\/\" rel=\"bookmark\" title=\"Carrinha\">\n\t\t\t\t\t\t\t\t<img decoding=\"async\" src=\"https:\/\/paris-black-cars.com\/wp-content\/uploads\/2023\/12\/SWcar-600x380.avif\" alt=\"\" title=\"\">\t\t\t\t\t\t\t<\/a>\n\t\t\t\t\t\t<\/div>\n\n\t\t\t\t\t\t\t\t\t\t\n\t\t\t\t\t<div class=\"fleet-block-content\">\n\t\t\t\t\t\t\n\t\t\t\t\t\t\t\t\t\t\t\t\t<div class=\"fleet-price\">De 60\u20ac<\/div>\n\t\t\t\t\t\t\t\t\t\t\t\t\n\t\t\t\t\t\t<h4><a href=\"https:\/\/paris-black-cars.com\/pt-br\/fleet\/carrinha-paris\/\" rel=\"bookmark\" title=\"Carrinha\">Carrinha<\/a><\/h4>\n\t\t\t\t\t\t<div class=\"title-block3\"><\/div>\n\t\t\t\t\t\tPeugeot 5008, Peugeot 508 SW<p>\n<ul class=\"list-style4\">\n<li>4 passageiros<\/li>\n<li>4 bagagens<\/li>\n<\/ul>\t\t\t\t\t<\/div>\n\t\t\t\t\t\n\t\t\t\t<!-- END .fleet-block -->\n\t\t\t\t<\/div>\n\t\t\t\t\n\t\t\t\t\t\t\t\n\t\t\t\t<!-- BEGIN .fleet-block -->\n\t\t\t\t<div class=\"fleet-block\">\n\t\t\t\t\t\n\t\t\t\t\t\t\t\t\t\t\t\n\t\t\t\t\t\t<div class=\"fleet-block-image\">\n\t\t\t\t\t\t\t\n\t\t\t\t\t\t\t<a href=\"https:\/\/paris-black-cars.com\/pt-br\/fleet\/carro-luxo-paris\/\" rel=\"bookmark\" title=\"Carro Sedan De Luxo\">\n\t\t\t\t\t\t\t\t<img decoding=\"async\" src=\"https:\/\/paris-black-cars.com\/wp-content\/uploads\/2019\/02\/S-Class3-600x380.jpg\" alt=\"\" title=\"\">\t\t\t\t\t\t\t<\/a>\n\t\t\t\t\t\t<\/div>\n\n\t\t\t\t\t\t\t\t\t\t\n\t\t\t\t\t<div class=\"fleet-block-content\">\n\t\t\t\t\t\t\n\t\t\t\t\t\t\t\t\t\t\t\t\t<div class=\"fleet-price\">De 100\u20ac<\/div>\n\t\t\t\t\t\t\t\t\t\t\t\t\n\t\t\t\t\t\t<h4><a href=\"https:\/\/paris-black-cars.com\/pt-br\/fleet\/carro-luxo-paris\/\" rel=\"bookmark\" title=\"Carro Sedan De Luxo\">Carro Sedan De Luxo<\/a><\/h4>\n\t\t\t\t\t\t<div class=\"title-block3\"><\/div>\n\t\t\t\t\t\tClasse S Mercedes ou BMW S\u00e9rie 7<p>\n<ul class=\"list-style4\">\n<li>3 passageiros<\/li>\n<li>4 bagagens<\/li>\n<\/ul>\t\t\t\t\t<\/div>\n\t\t\t\t\t\n\t\t\t\t<!-- END .fleet-block -->\n\t\t\t\t<\/div>\n\t\t\t\t\n\t\t\t\n\t\t<!-- END .yacht-listing-wrapper -->\n\t\t<\/div>\n\t\t\n\t\t\n\t\t\t\t<div class=\"clearboth\"><\/div>\n\n\t\t\t\t<div class=\"pagination-wrapper clearfix\"><div class='wp-pagenavi' role='navigation'>\n<span class='pages'>P\u00e1gina 1 de 2<\/span><span aria-current='page' class='current'>1<\/span><a class=\"page larger\" title=\"P\u00e1gina 2\" href=\"https:\/\/paris-black-cars.com\/pt-br\/wp-json\/wp\/v2\/pages\/2191\/page\/2\/\">2<\/a><a class=\"nextpostslink\" rel=\"next\" aria-label=\"Pr\u00f3xima p\u00e1gina\" href=\"https:\/\/paris-black-cars.com\/pt-br\/wp-json\/wp\/v2\/pages\/2191\/page\/2\/\">&raquo;<\/a>\n<\/div><\/div><div class=\"clearboth\"><\/div>\n\t\t\t[\/vc_column][\/vc_row]\n<\/div>","protected":false},"excerpt":{"rendered":"<p>[vc_row][vc_column][\/vc_column][\/vc_row]<\/p>\n","protected":false},"author":1,"featured_media":0,"parent":0,"menu_order":0,"comment_status":"closed","ping_status":"closed","template":"","meta":{"footnotes":""},"class_list":["post-2191","page","type-page","status-publish","hentry"],"_links":{"self":[{"href":"https:\/\/paris-black-cars.com\/pt-br\/wp-json\/wp\/v2\/pages\/2191","targetHints":{"allow":["GET"]}}],"collection":[{"href":"https:\/\/paris-black-cars.com\/pt-br\/wp-json\/wp\/v2\/pages"}],"about":[{"href":"https:\/\/paris-black-cars.com\/pt-br\/wp-json\/wp\/v2\/types\/page"}],"author":[{"embeddable":true,"href":"https:\/\/paris-black-cars.com\/pt-br\/wp-json\/wp\/v2\/users\/1"}],"replies":[{"embeddable":true,"href":"https:\/\/paris-black-cars.com\/pt-br\/wp-json\/wp\/v2\/comments?post=2191"}],"version-history":[{"count":2,"href":"https:\/\/paris-black-cars.com\/pt-br\/wp-json\/wp\/v2\/pages\/2191\/revisions"}],"predecessor-version":[{"id":2308,"href":"https:\/\/paris-black-cars.com\/pt-br\/wp-json\/wp\/v2\/pages\/2191\/revisions\/2308"}],"wp:attachment":[{"href":"https:\/\/paris-black-cars.com\/pt-br\/wp-json\/wp\/v2\/media?parent=2191"}],"curies":[{"name":"wp","href":"https:\/\/api.w.org\/{rel}","templated":true}]}}