{"id":2175,"date":"2021-05-21T09:19:28","date_gmt":"2021-05-21T07:19:28","guid":{"rendered":"https:\/\/paris-black-cars.com\/reserva\/"},"modified":"2021-07-05T12:10:58","modified_gmt":"2021-07-05T10:10:58","slug":"reserva","status":"publish","type":"page","link":"https:\/\/paris-black-cars.com\/pt-br\/reserva\/","title":{"rendered":"Reserva de transfer\u00eancia de Paris"},"content":{"rendered":"<div class=\"wpb-content-wrapper\">[vc_row][vc_column]<!-- BEGIN .booking-step-wrapper -->\n\t\t<div class=\"booking-step-wrapper clearfix\">\n<div class=\"step-wrapper clearfix\">\t\n\t<div class=\"step-icon-wrapper\">\n\t\n\t\t\t\t\t<div class=\"step-icon step-icon-current\">1.<\/div>\n\t\t\t\t\n\t<\/div>\n\t<div class=\"step-title\">Detalhes da Viagem<\/div>\n<\/div>\n\n<div class=\"step-wrapper clearfix\">\n\t<div class=\"step-icon-wrapper\">\n\t\t\n\t\t\t\t\t<div class=\"step-icon\">2.<\/div>\n\t\t\t\t\n\t<\/div>\n\t<div class=\"step-title\">Selecione o ve\u00edculo<\/div>\n<\/div>\n\n<div class=\"step-wrapper clearfix\">\n\t<div class=\"step-icon-wrapper\">\n\t\t\n\t\t\t\t\t<div class=\"step-icon\">3.<\/div>\n\t\t\t\t\n\t<\/div>\n\t\t\t<div class=\"step-title\">Insira  o Detalhes do Pagamento<\/div>\n\t<\/div>\n\n<div class=\"step-wrapper qns-last clearfix\">\n\t<div class=\"step-icon-wrapper\">\n\t\t\n\t\t\t\t\t<div class=\"step-icon\">4.<\/div>\n\t\t\t\t\n\t<\/div>\n\t<div class=\"step-title\">Confirma\u00e7\u00e3o<\/div>\n<\/div>\n\n<div class=\"step-line\"><\/div><!-- END .booking-step-wrapper -->\n\t\t<\/div><!-- BEGIN .clearfix -->\n\t\t<div class=\"booking-form-content clearfix\">\n\n\t\t\t<!-- BEGIN .widget-booking-form-wrapper -->\n\t\t\t<div class=\"widget-booking-form-wrapper booking-step-1-form\">\n\n\t\t\t\t<!-- BEGIN #booking-tabs -->\n\t\t\t\t<div id=\"booking-tabs\">\n\n\t\t\t\t\t<ul class=\"nav clearfix\">\n\t\t\t\t\t\t<li><a id=\"tab1\" href=\"#tab-one-way\">Dist\u00e2ncia<\/a><\/li>\n\t\t\t\t\t\t<li><a id=\"tab2\" href=\"#tab-hourly\">Por hora<\/a><\/li>\n\t\t\t\t\t\t<li><a id=\"tab3\" href=\"#tab-flat\">Taxa fixa<\/a><\/li>\n\t\t\t\t\t<\/ul>\n\n\t\t\t\t\t<!-- BEGIN #tab-one-way -->\n\t\t\t\t\t<div id=\"tab-one-way\">\n\n\t\t\t\t\t\t<!-- BEGIN .booking-form-1 -->\n\t\t\t\t\t\t<form class=\"booking-form-1 one-way-transfer-form\">\n\n\t\t\t\t\t\t\t<input type=\"text\" name=\"pickup-address\" id=\"pickup-address1\" class=\"pickup-address\" placeholder=\"Endere\u00e7o de Partida\" \/>\n\t\t\t\t\t\t\t<input type=\"text\" name=\"dropoff-address\" id=\"dropoff-address1\" class=\"dropoff-address\" placeholder=\"Endere\u00e7o de Entrega\" \/>\n\t\t\t\t\t\t\t\n\t\t\t\t\t\t\t<div class=\"select-wrapper\">\n\t\t\t\t\t\t\t\t<i class=\"fa fa-angle-down\"><\/i>\n\t\t\t\t\t\t\t \t<select name=\"return-journey\">\n\t\t\t\t\t\t\t\t\t<option value=\"false\">S\u00f3 ida<\/option>\n\t\t\t\t\t\t\t\t\t<option value=\"true\">Retorno<\/option>\n\t\t\t\t\t\t\t\t<\/select>\n\t\t\t\t\t\t\t<\/div>\n\t\t\t\t\t\t\t\n\t\t\t\t\t\t\t<input type=\"text\" name=\"pickup-date\" class=\"datepicker pickup-date1\" value=\"\" placeholder=\"Data de Retirada\" \/>\n\t\t\t\t\t\t\t\n\t\t\t\t\t\t\t\n\t\t\t\t\t\t\t<div class=\"booking-form-time\">\n\t\t\t\t\t\t\t\t<label>Hora da Corrida<\/label>\n\t\t\t\t\t\t\t<\/div>\n\n\t\t\t\t\t\t\t<div class=\"booking-form-hour\">\n\t\t\t\t\t\t\t\t<div class=\"select-wrapper\">\n\t\t\t\t\t\t\t\t\t<i class=\"fa fa-angle-down\"><\/i>\n\t\t\t\t\t\t\t\t \t<select name=\"time-hour\" class=\"time-hour1\"><option value=\"01\">01<\/option>\n\t\t<option value=\"02\">02<\/option>\n\t\t<option value=\"03\">03<\/option>\n\t\t<option value=\"04\">04<\/option>\n\t\t<option value=\"05\">05<\/option>\n\t\t<option value=\"06\">06<\/option>\n\t\t<option value=\"07\">07<\/option>\n\t\t<option value=\"08\">08<\/option>\n\t\t<option value=\"09\">09<\/option>\n\t\t<option value=\"10\">10<\/option>\n\t\t<option value=\"11\">11<\/option>\n\t\t<option value=\"12\">12<\/option>\n\t\t<option value=\"13\">13<\/option>\n\t\t<option value=\"14\">14<\/option>\n\t\t<option value=\"15\">15<\/option>\n\t\t<option value=\"16\">16<\/option>\n\t\t<option value=\"17\">17<\/option>\n\t\t<option value=\"18\">18<\/option>\n\t\t<option value=\"19\">19<\/option>\n\t\t<option value=\"20\">20<\/option>\n\t\t<option value=\"21\">21<\/option>\n\t\t<option value=\"22\">22<\/option>\n\t\t<option value=\"23\">23<\/option>\n\t\t<option value=\"00\">00<\/option><\/select>\n\t\t\t\t\t\t\t\t<\/div>\n\t\t\t\t\t\t\t<\/div>\n\n\t\t\t\t\t\t\t<div class=\"booking-form-min\">\n\t\t\t\t\t\t\t\t<div class=\"select-wrapper\">\n\t\t\t\t\t\t\t\t\t<i class=\"fa fa-angle-down\"><\/i>\n\t\t\t\t\t\t\t\t \t<select name=\"time-min\" class=\"time-min1\">\n\t\t\t\t\t\t\t\t\t\t<option value=\"00\">00<\/option>\n\t\t\t\t\t\t\t\t\t\t<option value=\"05\">05<\/option>\n\t\t\t\t\t\t\t\t\t\t<option value=\"10\">10<\/option>\n\t\t\t\t\t\t\t\t\t\t<option value=\"15\">15<\/option>\n\t\t\t\t\t\t\t\t\t\t<option value=\"20\">20<\/option>\n\t\t\t\t\t\t\t\t\t\t<option value=\"25\">25<\/option>\n\t\t\t\t\t\t\t\t\t\t<option value=\"30\">30<\/option>\n\t\t\t\t\t\t\t\t\t\t<option value=\"35\">35<\/option>\n\t\t\t\t\t\t\t\t\t\t<option value=\"40\">40<\/option>\n\t\t\t\t\t\t\t\t\t\t<option value=\"45\">45<\/option>\n\t\t\t\t\t\t\t\t\t\t<option value=\"50\">50<\/option>\n\t\t\t\t\t\t\t\t\t\t<option value=\"55\">55<\/option>\n\t\t\t\t\t\t\t\t\t<\/select>\n\t\t\t\t\t\t\t\t<\/div>\n\t\t\t\t\t\t\t<\/div>\n\n\t\t\t\t\t\t\t<input type=\"hidden\" name=\"form_type\" value=\"one_way\" \/>\n\t\t\t\t\t\t\t<input type=\"hidden\" name=\"first_booking_step\" class=\"first_booking_step\" value=\"1\" \/>\n\n\t\t\t\t\t\t\t<input type=\"hidden\" name=\"action\" value=\"contactform_action\" \/>\n\t\t\t\t\t\t\t<input type=\"hidden\" id=\"_acf_nonce1\" name=\"_acf_nonce1\" value=\"73646ac404\" \/><input type=\"hidden\" name=\"_wp_http_referer\" value=\"\/pt-br\/wp-json\/wp\/v2\/pages\/2175\" \/>\n\n\t\t\t\t\t\t\t<button type=\"button\" class=\"bookingbutton1\">\n\t\t\t\t \t\t\t\t<span>Alugue Agora<\/span>\n\t\t\t\t\t\t\t<\/button>\n\n\t\t\t\t\t\t<!-- END .booking-form-1 -->\n\t\t\t\t\t\t<\/form>\n\n\t\t\t\t\t<!-- END #tab-one-way -->\n\t\t\t\t\t<\/div>\n\n\t\t\t\t\t<!-- BEGIN #tab-hourly -->\n\t\t\t\t\t<div id=\"tab-hourly\">\n\n\t\t\t\t\t\t<!-- BEGIN .booking-form-1 -->\n\t\t\t\t\t\t<form class=\"booking-form-1 hourly-service-form\">\n\n\t\t\t\t\t\t\t<input type=\"text\" name=\"pickup-address\" id=\"pickup-address2\" class=\"pickup-address\" placeholder=\"Endere\u00e7o de Partida\" \/>\n\n\t\t\t\t\t\t\t<div class=\"one-third\">\n\t\t\t\t\t\t\t\t<label>Dura\u00e7\u00e3o da viagem<\/label>\n\t\t\t\t\t\t\t<\/div>\n\n\t\t\t\t\t\t\t<div class=\"two-thirds last-col\">\n\t\t\t\t\t\t\t\t<div class=\"select-wrapper\">\n\t\t\t\t\t\t\t\t\t<i class=\"fa fa-angle-down\"><\/i>\n\t\t\t\t\t\t\t\t \t<select name=\"num-hours\" class=\"ch-num-hours\"><option value=\"1\">1 Hora(s)<\/option><option value=\"2\">2 Hora(s)<\/option><option value=\"3\">3 Hora(s)<\/option><option value=\"4\">4 Hora(s)<\/option><option value=\"5\">5 Hora(s)<\/option><option value=\"6\">6 Hora(s)<\/option><option value=\"7\">7 Hora(s)<\/option><option value=\"8\">8 Hora(s)<\/option><option value=\"9\">9 Hora(s)<\/option><option value=\"10\">10 Hora(s)<\/option><option value=\"11\">11 Hora(s)<\/option><option value=\"12\">12 Hora(s)<\/option><option value=\"13\">13 Hora(s)<\/option><option value=\"14\">14 Hora(s)<\/option><option value=\"15\">15 Hora(s)<\/option><option value=\"16\">16 Hora(s)<\/option><option value=\"17\">17 Hora(s)<\/option><option value=\"18\">18 Hora(s)<\/option><option value=\"19\">19 Hora(s)<\/option><option value=\"20\">20 Hora(s)<\/option><option value=\"21\">21 Hora(s)<\/option><option value=\"22\">22 Hora(s)<\/option><option value=\"23\">23 Hora(s)<\/option><option value=\"24\">24 Hora(s)<\/option><\/select>\n\t\t\t\t\t\t\t\t<\/div>\n\t\t\t\t\t\t\t<\/div>\n\n\t\t\t\t\t\t\t<input type=\"text\" name=\"dropoff-address\" id=\"dropoff-address2\" class=\"dropoff-address\" placeholder=\"Endere\u00e7o de Entrega\" \/>\n\t\t\t\t\t\t\t<input type=\"text\" name=\"pickup-date\" class=\"datepicker pickup-date2\" value=\"\" placeholder=\"Data de Retirada\" \/>\n\n\t\t\t\t\t\t\t<div class=\"booking-form-time\">\n\t\t\t\t\t\t\t\t<label>Hora da Corrida<\/label>\n\t\t\t\t\t\t\t<\/div>\n\n\t\t\t\t\t\t\t<div class=\"booking-form-hour\">\n\t\t\t\t\t\t\t\t<div class=\"select-wrapper\">\n\t\t\t\t\t\t\t\t\t<i class=\"fa fa-angle-down\"><\/i>\n\t\t\t\t\t\t\t\t \t<select name=\"time-hour\" class=\"time-hour2\"><option value=\"01\">01<\/option>\n\t\t<option value=\"02\">02<\/option>\n\t\t<option value=\"03\">03<\/option>\n\t\t<option value=\"04\">04<\/option>\n\t\t<option value=\"05\">05<\/option>\n\t\t<option value=\"06\">06<\/option>\n\t\t<option value=\"07\">07<\/option>\n\t\t<option value=\"08\">08<\/option>\n\t\t<option value=\"09\">09<\/option>\n\t\t<option value=\"10\">10<\/option>\n\t\t<option value=\"11\">11<\/option>\n\t\t<option value=\"12\">12<\/option>\n\t\t<option value=\"13\">13<\/option>\n\t\t<option value=\"14\">14<\/option>\n\t\t<option value=\"15\">15<\/option>\n\t\t<option value=\"16\">16<\/option>\n\t\t<option value=\"17\">17<\/option>\n\t\t<option value=\"18\">18<\/option>\n\t\t<option value=\"19\">19<\/option>\n\t\t<option value=\"20\">20<\/option>\n\t\t<option value=\"21\">21<\/option>\n\t\t<option value=\"22\">22<\/option>\n\t\t<option value=\"23\">23<\/option>\n\t\t<option value=\"00\">00<\/option><\/select>\n\t\t\t\t\t\t\t\t<\/div>\n\t\t\t\t\t\t\t<\/div>\n\n\t\t\t\t\t\t\t<div class=\"booking-form-min\">\n\t\t\t\t\t\t\t\t<div class=\"select-wrapper\">\n\t\t\t\t\t\t\t\t\t<i class=\"fa fa-angle-down\"><\/i>\n\t\t\t\t\t\t\t\t \t<select name=\"time-min\" class=\"time-min2\">\n\t\t\t\t\t\t\t\t\t\t<option value=\"00\">00<\/option>\n\t\t\t\t\t\t\t\t\t\t<option value=\"05\">05<\/option>\n\t\t\t\t\t\t\t\t\t\t<option value=\"10\">10<\/option>\n\t\t\t\t\t\t\t\t\t\t<option value=\"15\">15<\/option>\n\t\t\t\t\t\t\t\t\t\t<option value=\"20\">20<\/option>\n\t\t\t\t\t\t\t\t\t\t<option value=\"25\">25<\/option>\n\t\t\t\t\t\t\t\t\t\t<option value=\"30\">30<\/option>\n\t\t\t\t\t\t\t\t\t\t<option value=\"35\">35<\/option>\n\t\t\t\t\t\t\t\t\t\t<option value=\"40\">40<\/option>\n\t\t\t\t\t\t\t\t\t\t<option value=\"45\">45<\/option>\n\t\t\t\t\t\t\t\t\t\t<option value=\"50\">50<\/option>\n\t\t\t\t\t\t\t\t\t\t<option value=\"55\">55<\/option>\n\t\t\t\t\t\t\t\t\t<\/select>\n\t\t\t\t\t\t\t\t<\/div>\n\t\t\t\t\t\t\t<\/div>\n\n\t\t\t\t\t\t\t<input type=\"hidden\" name=\"form_type\" value=\"hourly\" \/>\n\t\t\t\t\t\t\t<input type=\"hidden\" name=\"first_booking_step\" class=\"first_booking_step\" value=\"1\" \/>\n\n\t\t\t\t\t\t\t<input type=\"hidden\" name=\"action\" value=\"contactform_action\" \/>\n\t\t\t\t\t\t\t<input type=\"hidden\" id=\"_acf_nonce2\" name=\"_acf_nonce2\" value=\"73646ac404\" \/><input type=\"hidden\" name=\"_wp_http_referer\" value=\"\/pt-br\/wp-json\/wp\/v2\/pages\/2175\" \/>\n\n\t\t\t\t\t\t\t<button type=\"button\" class=\"bookingbutton1\">\n\t\t\t\t \t\t\t\t<span>Alugue Agora<\/span>\n\t\t\t\t\t\t\t<\/button>\n\n\t\t\t\t\t\t<!-- END .booking-form-1 -->\n\t\t\t\t\t\t<\/form>\n\n\t\t\t\t\t<!-- END #tab-hourly -->\n\t\t\t\t\t<\/div>\n\t\t\t\t\t\n\t\t\t\t\t<!-- BEGIN #tab-flat -->\n\t\t\t\t\t<div id=\"tab-flat\">\n\n\t\t\t\t\t\t<!-- BEGIN .booking-form-1 -->\n\t\t\t\t\t\t<form action=\"https:\/\/paris-black-cars.com\/booking\" class=\"booking-form-1\" method=\"post\">\n\n\t\t\t\t\t\t\t<div class=\"booking-form-full\">\n\t\t\t\t\t\t\t\t<div class=\"select-wrapper\">\n\t\t\t\t\t\t\t\t\t<i class=\"fa fa-angle-down\"><\/i>\n\t\t\t\t\t\t\t\t \t<select name=\"flat-location\"><option value=\"2253\">Beauvais (BVA) Airport > Disneyland Paris<\/option><option value=\"2252\">Beauvais (BVA) Airport > Paris<\/option><option value=\"2251\">CDG Airport > Disneyland Paris<\/option><option value=\"2549\">CDG Airport > Orly Airport<\/option><option value=\"2236\">CDG Airport > Paris<\/option><option value=\"1157\">CDG Airport > Paris Train Station (Gare de l'Est, du Nord, de Lyon, Montparnasse, Saint-Lazare, Austerlitz, Bercy)<\/option><option value=\"2565\">Disneyland Paris > Beauvais (BVA) Airport<\/option><option value=\"1099\">Disneyland Paris > CDG Airport<\/option><option value=\"2170\">Disneyland Paris > Orly Airport<\/option><option value=\"1072\">Orly Airport > CDG Airport<\/option><option value=\"2250\">Orly Airport > Disneyland Paris<\/option><option value=\"1068\">Orly Airport > Paris<\/option><option value=\"1173\">Orly Airport > Train Station (Gare de l'Est, du Nord, Lyon, Montparnasse, Saint-Lazare, Austerlitz, Bercy)<\/option><option value=\"2555\">Paris > Beauvais (BVA) Airport<\/option><option value=\"2239\">Paris > CDG Airport<\/option><option value=\"1060\">Paris > Orly Airport<\/option><option value=\"1163\">Paris Train Station(Gare de l'Est, du Nord, de Lyon, Montparnasse, Saint-Lazare, Austerlitz, Bercy) > CDG Airport<\/option><option value=\"2115\">Paris Train Station (Gare de l'Est, du Nord, Lyon, Montparnasse, Saint-Lazare, Austerlitz, Bercy) > Orly Airport<\/option><\/select>\n\t\t\t\t\t\t\t\t<\/div>\n\t\t\t\t\t\t\t<\/div>\n\t\t\t\t\t\t\t\n\t\t\t\t\t\t\t<div class=\"booking-form-full\">\n\t\t\t\t\t\t\t\t<div class=\"select-wrapper\">\n\t\t\t\t\t\t\t\t\t<i class=\"fa fa-angle-down\"><\/i>\n\t\t\t\t\t\t\t\t \t<select name=\"return-journey\">\n\t\t\t\t\t\t\t\t\t\t<option value=\"false\">S\u00f3 ida<\/option>\n\t\t\t\t\t\t\t\t\t\t<option value=\"true\">Retorno<\/option>\n\t\t\t\t\t\t\t\t\t<\/select>\n\t\t\t\t\t\t\t\t<\/div>\n\t\t\t\t\t\t\t<\/div>\n\t\t\t\t\t\t\t\n\t\t\t\t\t\t\t<input type=\"text\" name=\"pickup-date\" class=\"datepicker pickup-date3\" value=\"\" placeholder=\"Data de Retirada\" \/>\n\n\t\t\t\t\t\t\t<div class=\"booking-form-time\">\n\t\t\t\t\t\t\t\t<label>Hora da Corrida<\/label>\n\t\t\t\t\t\t\t<\/div>\n\n\t\t\t\t\t\t\t<div class=\"booking-form-hour\">\n\t\t\t\t\t\t\t\t<div class=\"select-wrapper\">\n\t\t\t\t\t\t\t\t\t<i class=\"fa fa-angle-down\"><\/i>\n\t\t\t\t\t\t\t\t \t<select name=\"time-hour\" class=\"time-hour3\"><option value=\"01\">01<\/option>\n\t\t<option value=\"02\">02<\/option>\n\t\t<option value=\"03\">03<\/option>\n\t\t<option value=\"04\">04<\/option>\n\t\t<option value=\"05\">05<\/option>\n\t\t<option value=\"06\">06<\/option>\n\t\t<option value=\"07\">07<\/option>\n\t\t<option value=\"08\">08<\/option>\n\t\t<option value=\"09\">09<\/option>\n\t\t<option value=\"10\">10<\/option>\n\t\t<option value=\"11\">11<\/option>\n\t\t<option value=\"12\">12<\/option>\n\t\t<option value=\"13\">13<\/option>\n\t\t<option value=\"14\">14<\/option>\n\t\t<option value=\"15\">15<\/option>\n\t\t<option value=\"16\">16<\/option>\n\t\t<option value=\"17\">17<\/option>\n\t\t<option value=\"18\">18<\/option>\n\t\t<option value=\"19\">19<\/option>\n\t\t<option value=\"20\">20<\/option>\n\t\t<option value=\"21\">21<\/option>\n\t\t<option value=\"22\">22<\/option>\n\t\t<option value=\"23\">23<\/option>\n\t\t<option value=\"00\">00<\/option><\/select>\n\t\t\t\t\t\t\t\t<\/div>\n\t\t\t\t\t\t\t<\/div>\n\n\t\t\t\t\t\t\t<div class=\"booking-form-min\">\n\t\t\t\t\t\t\t\t<div class=\"select-wrapper\">\n\t\t\t\t\t\t\t\t\t<i class=\"fa fa-angle-down\"><\/i>\n\t\t\t\t\t\t\t\t \t<select name=\"time-min\" class=\"time-min3\">\n\t\t\t\t\t\t\t\t\t\t<option value=\"00\">00<\/option>\n\t\t\t\t\t\t\t\t\t\t<option value=\"05\">05<\/option>\n\t\t\t\t\t\t\t\t\t\t<option value=\"10\">10<\/option>\n\t\t\t\t\t\t\t\t\t\t<option value=\"15\">15<\/option>\n\t\t\t\t\t\t\t\t\t\t<option value=\"20\">20<\/option>\n\t\t\t\t\t\t\t\t\t\t<option value=\"25\">25<\/option>\n\t\t\t\t\t\t\t\t\t\t<option value=\"30\">30<\/option>\n\t\t\t\t\t\t\t\t\t\t<option value=\"35\">35<\/option>\n\t\t\t\t\t\t\t\t\t\t<option value=\"40\">40<\/option>\n\t\t\t\t\t\t\t\t\t\t<option value=\"45\">45<\/option>\n\t\t\t\t\t\t\t\t\t\t<option value=\"50\">50<\/option>\n\t\t\t\t\t\t\t\t\t\t<option value=\"55\">55<\/option>\n\t\t\t\t\t\t\t\t\t<\/select>\n\t\t\t\t\t\t\t\t<\/div>\n\t\t\t\t\t\t\t<\/div>\n\t\t\t\t\t\t\t\n\t\t\t\t\t\t\t<input type=\"hidden\" name=\"form_type\" value=\"flat\" \/>\n\t\t\t\t\t\t\t<input type=\"hidden\" name=\"first_booking_step\" class=\"first_booking_step\" value=\"1\" \/>\n\t\t\t\t\t\t\t\n\t\t\t\t\t\t\t<input type=\"hidden\" name=\"action\" value=\"contactform_action\" \/>\n\t\t\t\t\t\t\t<input type=\"hidden\" id=\"_acf_nonce2\" name=\"_acf_nonce2\" value=\"73646ac404\" \/><input type=\"hidden\" name=\"_wp_http_referer\" value=\"\/pt-br\/wp-json\/wp\/v2\/pages\/2175\" \/>\n\n\t\t\t\t\t\t\t<button type=\"button\" class=\"bookingbutton1\">\n\t\t\t\t \t\t\t\t<span>Alugue Agora<\/span>\n\t\t\t\t\t\t\t<\/button>\n\n\t\t\t\t\t\t<!-- END .booking-form-1 -->\n\t\t\t\t\t\t<\/form>\n\n\t\t\t\t\t<!-- END #tab-flat -->\n\t\t\t\t\t<\/div>\n\t\t\t\t\t\n\t\t\t\t<!-- END #booking-tabs -->\n\t\t\t\t<\/div>\n\n\t\t\t<!-- END .widget-booking-form-wrapper -->\n\t\t\t<\/div>\n\n\t\t\t<div class=\"booking-step-intro\"><h4>Reserva Online<\/h4>\n<p>Voc\u00ea pode escolher uma taxa fixa para uma transfer\u00eancia porta a porta ou uma taxa por hora para descarte do carro com o motorista. Em seguida, voc\u00ea poder\u00e1 selecionar o ve\u00edculo que corresponde \u00e0s suas necessidades. Se voc\u00ea deseja fazer um pagamento adiantado, dever\u00e1 pagar com cart\u00e3o de cr\u00e9dito ou Paypal, caso contr\u00e1rio, o pagamento em dinheiro ser\u00e1 aceito no momento da chegada. Voc\u00ea receber\u00e1 um e-mail de confirma\u00e7\u00e3o do seu servi\u00e7o.<\/p>\n<div class=\"clearfix\">\n<div class=\"qns-one-half\">\n<ul class=\"list-style4\">\n<li>Reserva online f\u00e1cil<\/li>\n<li>V\u00e1rias op\u00e7\u00f5es de pagamento<\/li>\n<li>Confirma\u00e7\u00e3o instant\u00e2nea<\/li>\n<li>Contato do WhatsApp<\/li>\n<li>Gest\u00e3o f\u00e1cil da sua reserva<\/li>\n<li>Cancelamento gr\u00e1tis<\/li>\n<\/ul>\n<\/div>\n<\/div>\n<\/div>\n\n\t\t<!-- END .clearfix -->\n\t\t<\/div>[\/vc_column][\/vc_row]\n<\/div>","protected":false},"excerpt":{"rendered":"<p>[vc_row][vc_column][\/vc_column][\/vc_row]<\/p>\n","protected":false},"author":1,"featured_media":0,"parent":0,"menu_order":0,"comment_status":"closed","ping_status":"closed","template":"","meta":{"footnotes":""},"class_list":["post-2175","page","type-page","status-publish","hentry"],"_links":{"self":[{"href":"https:\/\/paris-black-cars.com\/pt-br\/wp-json\/wp\/v2\/pages\/2175","targetHints":{"allow":["GET"]}}],"collection":[{"href":"https:\/\/paris-black-cars.com\/pt-br\/wp-json\/wp\/v2\/pages"}],"about":[{"href":"https:\/\/paris-black-cars.com\/pt-br\/wp-json\/wp\/v2\/types\/page"}],"author":[{"embeddable":true,"href":"https:\/\/paris-black-cars.com\/pt-br\/wp-json\/wp\/v2\/users\/1"}],"replies":[{"embeddable":true,"href":"https:\/\/paris-black-cars.com\/pt-br\/wp-json\/wp\/v2\/comments?post=2175"}],"version-history":[{"count":8,"href":"https:\/\/paris-black-cars.com\/pt-br\/wp-json\/wp\/v2\/pages\/2175\/revisions"}],"predecessor-version":[{"id":2517,"href":"https:\/\/paris-black-cars.com\/pt-br\/wp-json\/wp\/v2\/pages\/2175\/revisions\/2517"}],"wp:attachment":[{"href":"https:\/\/paris-black-cars.com\/pt-br\/wp-json\/wp\/v2\/media?parent=2175"}],"curies":[{"name":"wp","href":"https:\/\/api.w.org\/{rel}","templated":true}]}}