{"id":2304,"date":"2021-07-01T11:00:38","date_gmt":"2021-07-01T09:00:38","guid":{"rendered":"https:\/\/paris-black-cars.com\/parco-veicoli\/"},"modified":"2023-12-28T15:02:22","modified_gmt":"2023-12-28T14:02:22","slug":"parco-veicoli","status":"publish","type":"page","link":"https:\/\/paris-black-cars.com\/it\/parco-veicoli\/","title":{"rendered":"La nostra flotta di veicoli"},"content":{"rendered":"<div class=\"wpb-content-wrapper\">[vc_row][vc_column]\t\t\n\t\t<!-- BEGIN .fleet-block-wrapper -->\n\t\t<div class=\"fleet-block-wrapper fleet-2-cols clearfix\">\n\n\t\t\t\t\t\t\t\n\t\t\t\t<!-- BEGIN .fleet-block -->\n\t\t\t\t<div class=\"fleet-block\">\n\t\t\t\t\t\n\t\t\t\t\t\t\t\t\t\t\t\n\t\t\t\t\t\t<div class=\"fleet-block-image\">\n\t\t\t\t\t\t\t\n\t\t\t\t\t\t\t<a href=\"https:\/\/paris-black-cars.com\/it\/fleet\/moto-taxi-paris\/\" rel=\"bookmark\" title=\"Moto Taxi Parigi\">\n\t\t\t\t\t\t\t\t<img decoding=\"async\" src=\"https:\/\/paris-black-cars.com\/wp-content\/uploads\/2023\/05\/mototaxiparis-600x380.png\" alt=\"\" title=\"\">\t\t\t\t\t\t\t<\/a>\n\t\t\t\t\t\t<\/div>\n\n\t\t\t\t\t\t\t\t\t\t\n\t\t\t\t\t<div class=\"fleet-block-content\">\n\t\t\t\t\t\t\n\t\t\t\t\t\t\t\t\t\t\t\t\t<div class=\"fleet-price\">Dal 90\u20ac<\/div>\n\t\t\t\t\t\t\t\t\t\t\t\t\n\t\t\t\t\t\t<h4><a href=\"https:\/\/paris-black-cars.com\/it\/fleet\/moto-taxi-paris\/\" rel=\"bookmark\" title=\"Moto Taxi Parigi\">Moto Taxi Parigi<\/a><\/h4>\n\t\t\t\t\t\t<div class=\"title-block3\"><\/div>\n\t\t\t\t\t\tMoto Taxi <p>\r\n<ul class=\"list-style4\">\r\n<li>1 Passengers<\/li>\r\n<li>1 Bag<\/li>\r\n<\/ul>\t\t\t\t\t<\/div>\n\t\t\t\t\t\n\t\t\t\t<!-- END .fleet-block -->\n\t\t\t\t<\/div>\n\t\t\t\t\n\t\t\t\t\t\t\t\n\t\t\t\t<!-- BEGIN .fleet-block -->\n\t\t\t\t<div class=\"fleet-block\">\n\t\t\t\t\t\n\t\t\t\t\t\t\t\t\t\t\t\n\t\t\t\t\t\t<div class=\"fleet-block-image\">\n\t\t\t\t\t\t\t\n\t\t\t\t\t\t\t<a href=\"https:\/\/paris-black-cars.com\/it\/fleet\/reliable-paris-private-transfers-economy-car-service\/\" rel=\"bookmark\" title=\"Berlina economica\">\n\t\t\t\t\t\t\t\t<img decoding=\"async\" src=\"https:\/\/paris-black-cars.com\/wp-content\/uploads\/2023\/12\/bmw-3-series-sedan-color-858696-600x380.avif\" alt=\"Confort Sedan \" title=\"\">\t\t\t\t\t\t\t<\/a>\n\t\t\t\t\t\t<\/div>\n\n\t\t\t\t\t\t\t\t\t\t\n\t\t\t\t\t<div class=\"fleet-block-content\">\n\t\t\t\t\t\t\n\t\t\t\t\t\t\t\t\t\t\t\t\t<div class=\"fleet-price\">Dal 55\u20ac<\/div>\n\t\t\t\t\t\t\t\t\t\t\t\t\n\t\t\t\t\t\t<h4><a href=\"https:\/\/paris-black-cars.com\/it\/fleet\/reliable-paris-private-transfers-economy-car-service\/\" rel=\"bookmark\" title=\"Berlina economica\">Berlina economica<\/a><\/h4>\n\t\t\t\t\t\t<div class=\"title-block3\"><\/div>\n\t\t\t\t\t\tCH-R Toyota, Peugeot 508  or similar<p>\r\n<ul class=\"list-style4\">\r\n<li>3 Passengers<\/li>\r\n<li>3 Bags<\/li>\r\n<\/ul>\r\n\t\t\t\t\t<\/div>\n\t\t\t\t\t\n\t\t\t\t<!-- END .fleet-block -->\n\t\t\t\t<\/div>\n\t\t\t\t\n\t\t\t\t\t\t\t\n\t\t\t\t<!-- BEGIN .fleet-block -->\n\t\t\t\t<div class=\"fleet-block\">\n\t\t\t\t\t\n\t\t\t\t\t\t\t\t\t\t\t\n\t\t\t\t\t\t<div class=\"fleet-block-image\">\n\t\t\t\t\t\t\t\n\t\t\t\t\t\t\t<a href=\"https:\/\/paris-black-cars.com\/it\/fleet\/wheelchair-adapted-minivan\/\" rel=\"bookmark\" title=\"Minivan adattato per sedia a rotelle\">\n\t\t\t\t\t\t\t\t<img decoding=\"async\" src=\"https:\/\/paris-black-cars.com\/wp-content\/uploads\/2023\/05\/Ford-Grand-Tourneo-Connect-with-Flexi-Ramp1-ws-600x380.png\" alt=\"Wheelchair Adpated Minivan Paris\" title=\"\">\t\t\t\t\t\t\t<\/a>\n\t\t\t\t\t\t<\/div>\n\n\t\t\t\t\t\t\t\t\t\t\n\t\t\t\t\t<div class=\"fleet-block-content\">\n\t\t\t\t\t\t\n\t\t\t\t\t\t\t\t\t\t\t\t\t<div class=\"fleet-price\">Dal 80\u20ac<\/div>\n\t\t\t\t\t\t\t\t\t\t\t\t\n\t\t\t\t\t\t<h4><a href=\"https:\/\/paris-black-cars.com\/it\/fleet\/wheelchair-adapted-minivan\/\" rel=\"bookmark\" title=\"Minivan adattato per sedia a rotelle\">Minivan adattato per sedia a rotelle<\/a><\/h4>\n\t\t\t\t\t\t<div class=\"title-block3\"><\/div>\n\t\t\t\t\t\tMinivan Ford Tourneo adattato <p>\n<ul class=\"list-style4\">\n<li>4 Passeggeri +1 o 2 sedie a rotelle<\/li>\n<li>7 borse<\/li>\n<\/ul>\t\t\t\t\t<\/div>\n\t\t\t\t\t\n\t\t\t\t<!-- END .fleet-block -->\n\t\t\t\t<\/div>\n\t\t\t\t\n\t\t\t\t\t\t\t\n\t\t\t\t<!-- BEGIN .fleet-block -->\n\t\t\t\t<div class=\"fleet-block\">\n\t\t\t\t\t\n\t\t\t\t\t\t\t\t\t\t\t\n\t\t\t\t\t\t<div class=\"fleet-block-image\">\n\t\t\t\t\t\t\t\n\t\t\t\t\t\t\t<a href=\"https:\/\/paris-black-cars.com\/it\/fleet\/moto-taxi\/\" rel=\"bookmark\" title=\"Mototaxi\">\n\t\t\t\t\t\t\t\t<img decoding=\"async\" src=\"https:\/\/paris-black-cars.com\/wp-content\/uploads\/2023\/05\/moto-taxi-600x380.jpg\" alt=\"Paris Moto Taxi\" title=\"\">\t\t\t\t\t\t\t<\/a>\n\t\t\t\t\t\t<\/div>\n\n\t\t\t\t\t\t\t\t\t\t\n\t\t\t\t\t<div class=\"fleet-block-content\">\n\t\t\t\t\t\t\n\t\t\t\t\t\t\t\t\t\t\t\t\t<div class=\"fleet-price\">Dal 80\u20ac<\/div>\n\t\t\t\t\t\t\t\t\t\t\t\t\n\t\t\t\t\t\t<h4><a href=\"https:\/\/paris-black-cars.com\/it\/fleet\/moto-taxi\/\" rel=\"bookmark\" title=\"Mototaxi\">Mototaxi<\/a><\/h4>\n\t\t\t\t\t\t<div class=\"title-block3\"><\/div>\n\t\t\t\t\t\tPresentiamo il nostro servizio Moto Taxi a Parigi: la soluzione definitiva per un trasporto veloce ed efficiente. D\u00ec addio agli ingorghi e dai il benvenuto al tempo risparmiato con le nostre motociclette Honda Goldwing e autisti esperti. Sperimenta praticit\u00e0, comfort e sicurezza come mai prima d'ora. Prenota ora e scopri la velocit\u00e0 e l'affidabilit\u00e0 del nostro servizio Moto Taxi a Parigi.\t\t\t\t\t<\/div>\n\t\t\t\t\t\n\t\t\t\t<!-- END .fleet-block -->\n\t\t\t\t<\/div>\n\t\t\t\t\n\t\t\t\t\t\t\t\n\t\t\t\t<!-- BEGIN .fleet-block -->\n\t\t\t\t<div class=\"fleet-block\">\n\t\t\t\t\t\n\t\t\t\t\t\t\t\t\t\t\t\n\t\t\t\t\t\t<div class=\"fleet-block-image\">\n\t\t\t\t\t\t\t\n\t\t\t\t\t\t\t<a href=\"https:\/\/paris-black-cars.com\/it\/fleet\/2-minivans-16-seats\/\" rel=\"bookmark\" title=\"2 minivans &#8211; 16 seats\">\n\t\t\t\t\t\t\t\t<img decoding=\"async\" src=\"https:\/\/paris-black-cars.com\/wp-content\/uploads\/2023\/04\/2minivan-600x380.png\" alt=\"2 minivans\" title=\"\">\t\t\t\t\t\t\t<\/a>\n\t\t\t\t\t\t<\/div>\n\n\t\t\t\t\t\t\t\t\t\t\n\t\t\t\t\t<div class=\"fleet-block-content\">\n\t\t\t\t\t\t\n\t\t\t\t\t\t\t\t\t\t\t\t\t<div class=\"fleet-price\">Dal 140\u20ac<\/div>\n\t\t\t\t\t\t\t\t\t\t\t\t\n\t\t\t\t\t\t<h4><a href=\"https:\/\/paris-black-cars.com\/it\/fleet\/2-minivans-16-seats\/\" rel=\"bookmark\" title=\"2 minivans &#8211; 16 seats\">2 minivans &#8211; 16 seats<\/a><\/h4>\n\t\t\t\t\t\t<div class=\"title-block3\"><\/div>\n\t\t\t\t\t\t2 8-seater Minivans  <p>\r\n<ul class=\"list-style4\">\r\n<li>16 Passengers<\/li>\r\n<li>16 Bags<\/li>\r\n<\/ul>\t\t\t\t\t<\/div>\n\t\t\t\t\t\n\t\t\t\t<!-- END .fleet-block -->\n\t\t\t\t<\/div>\n\t\t\t\t\n\t\t\t\t\t\t\t\n\t\t\t\t<!-- BEGIN .fleet-block -->\n\t\t\t\t<div class=\"fleet-block\">\n\t\t\t\t\t\n\t\t\t\t\t\t\t\t\t\t\t\n\t\t\t\t\t\t<div class=\"fleet-block-image\">\n\t\t\t\t\t\t\t\n\t\t\t\t\t\t\t<a href=\"https:\/\/paris-black-cars.com\/it\/fleet\/19-seater-sprinter-minibus\/\" rel=\"bookmark\" title=\"19 Seater Sprinter Minibus\">\n\t\t\t\t\t\t\t\t<img decoding=\"async\" src=\"https:\/\/paris-black-cars.com\/wp-content\/uploads\/2023\/04\/mercedes-benz-sprinter-black-600x380.avif\" alt=\"Sprinter Minibus Paris\" title=\"\">\t\t\t\t\t\t\t<\/a>\n\t\t\t\t\t\t<\/div>\n\n\t\t\t\t\t\t\t\t\t\t\n\t\t\t\t\t<div class=\"fleet-block-content\">\n\t\t\t\t\t\t\n\t\t\t\t\t\t\t\t\t\t\t\t\t<div class=\"fleet-price\">Dal 275\u20ac<\/div>\n\t\t\t\t\t\t\t\t\t\t\t\t\n\t\t\t\t\t\t<h4><a href=\"https:\/\/paris-black-cars.com\/it\/fleet\/19-seater-sprinter-minibus\/\" rel=\"bookmark\" title=\"19 Seater Sprinter Minibus\">19 Seater Sprinter Minibus<\/a><\/h4>\n\t\t\t\t\t\t<div class=\"title-block3\"><\/div>\n\t\t\t\t\t\t19 seater Mercedes Sprinter Minibus <p>\r\n<ul class=\"list-style4\">\r\n<li>19 Passengers<\/li>\r\n<li>15 Bags<\/li>\r\n<\/ul>\t\t\t\t\t<\/div>\n\t\t\t\t\t\n\t\t\t\t<!-- END .fleet-block -->\n\t\t\t\t<\/div>\n\t\t\t\t\n\t\t\t\t\t\t\t\n\t\t\t\t<!-- BEGIN .fleet-block -->\n\t\t\t\t<div class=\"fleet-block\">\n\t\t\t\t\t\n\t\t\t\t\t\t\t\t\t\t\t\n\t\t\t\t\t\t<div class=\"fleet-block-image\">\n\t\t\t\t\t\t\t\n\t\t\t\t\t\t\t<a href=\"https:\/\/paris-black-cars.com\/it\/fleet\/vip-luxury-minivan\/\" rel=\"bookmark\" title=\"Maybach Luxury Minivan\">\n\t\t\t\t\t\t\t\t<img decoding=\"async\" src=\"https:\/\/paris-black-cars.com\/wp-content\/uploads\/2021\/10\/Klassen-1-600x380.webp\" alt=\"Klassen V Class Paris\" title=\"\">\t\t\t\t\t\t\t<\/a>\n\t\t\t\t\t\t<\/div>\n\n\t\t\t\t\t\t\t\t\t\t\n\t\t\t\t\t<div class=\"fleet-block-content\">\n\t\t\t\t\t\t\n\t\t\t\t\t\t\t\t\t\t\t\t\t<div class=\"fleet-price\">Dal 150\u20ac<\/div>\n\t\t\t\t\t\t\t\t\t\t\t\t\n\t\t\t\t\t\t<h4><a href=\"https:\/\/paris-black-cars.com\/it\/fleet\/vip-luxury-minivan\/\" rel=\"bookmark\" title=\"Maybach Luxury Minivan\">Maybach Luxury Minivan<\/a><\/h4>\n\t\t\t\t\t\t<div class=\"title-block3\"><\/div>\n\t\t\t\t\t\tV Class KLASSEN by Maybach<p>\r\n<ul class=\"list-style4\">\r\n<li>4 Passengers<\/li>\r\n<li>5 Bags<\/li>\r\n<\/ul>\t\t\t\t\t<\/div>\n\t\t\t\t\t\n\t\t\t\t<!-- END .fleet-block -->\n\t\t\t\t<\/div>\n\t\t\t\t\n\t\t\t\t\t\t\t\n\t\t\t\t<!-- BEGIN .fleet-block -->\n\t\t\t\t<div class=\"fleet-block\">\n\t\t\t\t\t\n\t\t\t\t\t\t\t\t\t\t\t\n\t\t\t\t\t\t<div class=\"fleet-block-image\">\n\t\t\t\t\t\t\t\n\t\t\t\t\t\t\t<a href=\"https:\/\/paris-black-cars.com\/it\/fleet\/auto-privata-parigi\/\" rel=\"bookmark\" title=\"Berlina confortevole\">\n\t\t\t\t\t\t\t\t<img decoding=\"async\" src=\"https:\/\/paris-black-cars.com\/wp-content\/uploads\/2023\/12\/bmw-3-series-sedan-color-858696-600x380.avif\" alt=\"Confort Sedan \" title=\"\">\t\t\t\t\t\t\t<\/a>\n\t\t\t\t\t\t<\/div>\n\n\t\t\t\t\t\t\t\t\t\t\n\t\t\t\t\t<div class=\"fleet-block-content\">\n\t\t\t\t\t\t\n\t\t\t\t\t\t\t\t\t\t\t\t\t<div class=\"fleet-price\">Dal 50\u20ac<\/div>\n\t\t\t\t\t\t\t\t\t\t\t\t\n\t\t\t\t\t\t<h4><a href=\"https:\/\/paris-black-cars.com\/it\/fleet\/auto-privata-parigi\/\" rel=\"bookmark\" title=\"Berlina confortevole\">Berlina confortevole<\/a><\/h4>\n\t\t\t\t\t\t<div class=\"title-block3\"><\/div>\n\t\t\t\t\t\tMercedes Classe C, Peugeot 508 o simili<p>\n<ul class=\"list-style4\">\n<li>3 passeggeri<\/li>\n<li>3 borse<\/li>\n<\/ul>\n\t\t\t\t\t<\/div>\n\t\t\t\t\t\n\t\t\t\t<!-- END .fleet-block -->\n\t\t\t\t<\/div>\n\t\t\t\t\n\t\t\t\t\t\t\t\n\t\t\t\t<!-- BEGIN .fleet-block -->\n\t\t\t\t<div class=\"fleet-block\">\n\t\t\t\t\t\n\t\t\t\t\t\t\t\t\t\t\t\n\t\t\t\t\t\t<div class=\"fleet-block-image\">\n\t\t\t\t\t\t\t\n\t\t\t\t\t\t\t<a href=\"https:\/\/paris-black-cars.com\/it\/fleet\/auto-di-lusso-parigi\/\" rel=\"bookmark\" title=\"Auto berlina di lusso\">\n\t\t\t\t\t\t\t\t<img decoding=\"async\" src=\"https:\/\/paris-black-cars.com\/wp-content\/uploads\/2019\/02\/S-Class3-600x380.jpg\" alt=\"\" title=\"\">\t\t\t\t\t\t\t<\/a>\n\t\t\t\t\t\t<\/div>\n\n\t\t\t\t\t\t\t\t\t\t\n\t\t\t\t\t<div class=\"fleet-block-content\">\n\t\t\t\t\t\t\n\t\t\t\t\t\t\t\t\t\t\t\t\t<div class=\"fleet-price\">Dal 100\u20ac<\/div>\n\t\t\t\t\t\t\t\t\t\t\t\t\n\t\t\t\t\t\t<h4><a href=\"https:\/\/paris-black-cars.com\/it\/fleet\/auto-di-lusso-parigi\/\" rel=\"bookmark\" title=\"Auto berlina di lusso\">Auto berlina di lusso<\/a><\/h4>\n\t\t\t\t\t\t<div class=\"title-block3\"><\/div>\n\t\t\t\t\t\tMercedes Classe S o BMW Serie 7<p>\n<ul class=\"list-style4\">\n<li>3 passeggeri<\/li>\n<li>4 Borse<\/li>\n<\/ul>\t\t\t\t\t<\/div>\n\t\t\t\t\t\n\t\t\t\t<!-- END .fleet-block -->\n\t\t\t\t<\/div>\n\t\t\t\t\n\t\t\t\n\t\t<!-- END .yacht-listing-wrapper -->\n\t\t<\/div>\n\t\t\n\t\t\n\t\t\t\t<div class=\"clearboth\"><\/div>\n\n\t\t\t\t<div class=\"pagination-wrapper clearfix\"><div class='wp-pagenavi' role='navigation'>\n<span class='pages'>Pagina 1 di 2<\/span><span aria-current='page' class='current'>1<\/span><a class=\"page larger\" title=\"Pagina 2\" href=\"https:\/\/paris-black-cars.com\/it\/wp-json\/wp\/v2\/pages\/2304\/page\/2\/\">2<\/a><a class=\"nextpostslink\" rel=\"next\" aria-label=\"Pagina successiva\" href=\"https:\/\/paris-black-cars.com\/it\/wp-json\/wp\/v2\/pages\/2304\/page\/2\/\">&raquo;<\/a>\n<\/div><\/div><div class=\"clearboth\"><\/div>\n\t\t\t[\/vc_column][\/vc_row]\n<\/div>","protected":false},"excerpt":{"rendered":"<p>[vc_row][vc_column][\/vc_column][\/vc_row]<\/p>\n","protected":false},"author":1,"featured_media":0,"parent":0,"menu_order":0,"comment_status":"closed","ping_status":"closed","template":"","meta":{"footnotes":""},"class_list":["post-2304","page","type-page","status-publish","hentry"],"_links":{"self":[{"href":"https:\/\/paris-black-cars.com\/it\/wp-json\/wp\/v2\/pages\/2304","targetHints":{"allow":["GET"]}}],"collection":[{"href":"https:\/\/paris-black-cars.com\/it\/wp-json\/wp\/v2\/pages"}],"about":[{"href":"https:\/\/paris-black-cars.com\/it\/wp-json\/wp\/v2\/types\/page"}],"author":[{"embeddable":true,"href":"https:\/\/paris-black-cars.com\/it\/wp-json\/wp\/v2\/users\/1"}],"replies":[{"embeddable":true,"href":"https:\/\/paris-black-cars.com\/it\/wp-json\/wp\/v2\/comments?post=2304"}],"version-history":[{"count":3,"href":"https:\/\/paris-black-cars.com\/it\/wp-json\/wp\/v2\/pages\/2304\/revisions"}],"predecessor-version":[{"id":2307,"href":"https:\/\/paris-black-cars.com\/it\/wp-json\/wp\/v2\/pages\/2304\/revisions\/2307"}],"wp:attachment":[{"href":"https:\/\/paris-black-cars.com\/it\/wp-json\/wp\/v2\/media?parent=2304"}],"curies":[{"name":"wp","href":"https:\/\/api.w.org\/{rel}","templated":true}]}}