{"id":1706,"date":"2019-05-22T18:10:30","date_gmt":"2019-05-22T16:10:30","guid":{"rendered":"https:\/\/paris-black-cars.com\/une-journee-a-reims\/"},"modified":"2019-05-22T18:10:32","modified_gmt":"2019-05-22T16:10:32","slug":"une-journee-a-reims","status":"publish","type":"page","link":"https:\/\/paris-black-cars.com\/fr\/une-journee-a-reims\/","title":{"rendered":"Une journ\u00e9e \u00e0 Reims"},"content":{"rendered":"<div class=\"wpb-content-wrapper\">[vc_row][vc_column][vc_video link=&#8221;https:\/\/youtu.be\/ZJHIm9E2BD0&#8243; el_width=&#8221;90&#8243; align=&#8221;center&#8221; title=&#8221;LIVE ROYAL CATHEDRAL NOTRE DAME DE REIMS&#8221;][\/vc_column][\/vc_row][vc_row][vc_column]<h3 class=\"center-title\">Spend one Bubbly Day in Reims!<\/h3><div class=\"title-block2\"><\/div>[\/vc_column][\/vc_row][vc_row][vc_column][vc_column_text]\n<p id=\"tw-target-text\" class=\"tw-data-text tw-ta tw-text-small\" dir=\"ltr\" data-placeholder=\"Translation\"><span lang=\"fr\" tabindex=\"0\">Si vous avez envie de faire une excursion d&#8217;une journ\u00e9e au d\u00e9part de Paris, une destination id\u00e9ale serait la belle ville de Reims situ\u00e9e \u00e0 seulement 1h45 de route. La ville de Reims \u00e0 principalement deux cadeaux\u00a0 \u00e0 offrir \u00e0 ses visiteurs: l&#8217;histoire et le champagne.<\/span><\/p>\n[\/vc_column_text][\/vc_column][\/vc_row][vc_row][vc_column]<h3 class=\"center-title\">History<\/h3><div class=\"title-block2\"><\/div>[\/vc_column][\/vc_row][vc_row][vc_column][vc_column_text css=&#8221;.vc_custom_1549977139951{padding-bottom: 15px !important;}&#8221;]\n<ul>\n<li>En effet, le centre-ville de Reims est charg\u00e9 d&#8217;histoire et abrite l&#8217;un des plus importants patrimoines de France: &#8220;La cath\u00e9drale Notre-Dame de Reims&#8221; et toute visite de la ville devrait commencer par celle-ci.<\/li>\n<\/ul>\n<p>&nbsp;<\/p>\n<ul>\n<li>La cath\u00e9drale gothique o\u00f9 les rois de France ont \u00e9t\u00e9 couronn\u00e9s a \u00e9t\u00e9 inscrite sur la liste du patrimoine mondial de l&#8217;UNESCO et pour de bonnes raisons car c&#8217;est un joyau architectural et sa fa\u00e7ade unique est compos\u00e9e de 2 303 statues o\u00f9 vous pourrez d\u00e9couvrir des sc\u00e8nes bibliques, une galerie des rois, des gargouilles et l&#8217;embl\u00e8me de la ville: &#8220;l&#8217;ange au sourire&#8221;. \u00c0 l&#8217;int\u00e9rieur, vous pourrez observer des vitraux: la premi\u00e8re grande rose qui vient d&#8217;\u00eatre r\u00e9nov\u00e9e, mais aussi des vitraux contemporains r\u00e9alis\u00e9s par Marc Chagall et Imi Knoebel.<\/li>\n<li>\n<p id=\"tw-target-text\" class=\"tw-data-text tw-ta tw-text-small\" dir=\"ltr\" data-placeholder=\"Translation\"><span lang=\"fr\" tabindex=\"0\">La ville de Reims est pleine d&#8217;histoire et au fil de votre promenade dans la ville vous d\u00e9couvrirez le style \u00e9clectique des b\u00e2timents principalement Art D\u00e9co. En effet, Reims f\u00fbt l&#8217;une des villes les plus d\u00e9vast\u00e9es par la Premi\u00e8re Guerre mondiale et elle a \u00e9t\u00e9 reconstruite dans des styles vari\u00e9s en raison de l&#8217;urgence de la reconstruction.<\/span><\/p>\n<\/li>\n<li>\n<p id=\"tw-target-text\" class=\"tw-data-text tw-ta tw-text-small\" dir=\"ltr\" data-placeholder=\"Translation\"><span lang=\"fr\" tabindex=\"0\">Vous pourrez \u00e9galement visiter d&#8217;autres sites class\u00e9s au patrimoine mondial de l&#8217;Unesco, tels que le palais de Tau, l&#8217;ancienne abbaye Saint-R\u00e9mi et les vignobles champenois.<\/span><\/p>\n<\/li>\n<\/ul>\n[\/vc_column_text][\/vc_column][\/vc_row][vc_row][vc_column]<h3 class=\"center-title\">Champagne tasting<\/h3><div class=\"title-block2\"><\/div>[\/vc_column][\/vc_row][vc_row][vc_column][vc_column_text]\n<p class=\"p2\"><span class=\"s1\"><div class=\"su-quote su-quote-style-default su-quote-has-cite\"><div class=\"su-quote-inner su-u-clearfix su-u-trim\">\u201cToo much of anything is bad, but too much champagne is just right.\u201d<span class=\"su-quote-cite\">F. Scott Fitzgerald, American novelist<\/span><\/div><\/div><\/span><\/p>\n<p class=\"p2\"><span class=\"s1\">Treat yourself with a sparkling day in Reims and Epernay in the champagne Houses of your choice. All the top champagne producers offer tours of their cellars. You will be able to learn about the champagne making process and then enjoy a champagne tasting. The dilemma will be to choose the champagne House you want to visit. Most of the champagne houses are located in Reims and Epernay, you can opt for\u00a0 luxurious champagne Houses with majestic cellars or enjoy the authenticity of an encounter with a champagne wine producers.<\/span><\/p>\n<p class=\"p2\"><span class=\"s1\">To make it an easy day trip and\u00a0 to optimise your visit in Reims and Epernay we will be glad to put at your disposal a driver and a car.We will pick you up in Paris and drive you back on the evening. We can help you build your trip in Reims and give you addresses and recommendations. We can also help you to find a guide in Reims.<\/span><\/p>\n<p>Do not hesitate to contact us through Whatsapp at +33177472123 or by email at info@paris-black-cars.com to get more information about your day trip in Reims and to receive a quote.<\/p>\n[\/vc_column_text][\/vc_column][\/vc_row][vc_row][vc_column][vc_gmaps link=&#8221;#E-8_JTNDaWZyYW1lJTIwc3JjJTNEJTIyaHR0cHMlM0ElMkYlMkZ3d3cuZ29vZ2xlLmNvbSUyRm1hcHMlMkZkJTJGdSUyRjAlMkZlbWJlZCUzRm1pZCUzRDFmQlNxYmd2LWhmRU9UcC1RNzQ1emFEbHZ1bkw1TWpKNCUyMiUyMHdpZHRoJTNEJTIyNjQwJTIyJTIwaGVpZ2h0JTNEJTIyNDgwJTIyJTNFJTNDJTJGaWZyYW1lJTNF&#8221; css_animation=&#8221;none&#8221; title=&#8221;Quelques Maisons de Champagne \u00e0 Reims et Epernay&#8221;][\/vc_column][\/vc_row][vc_row][vc_column][vc_gallery type=&#8221;image_grid&#8221; images=&#8221;1334,1329,1302,1291,1281&#8243;][\/vc_column][\/vc_row]\n<\/div>","protected":false},"excerpt":{"rendered":"<p>[vc_row][vc_column][vc_video link=&#8221;https:\/\/youtu.be\/ZJHIm9E2BD0&#8243; el_width=&#8221;90&#8243; align=&#8221;center&#8221; title=&#8221;LIVE ROYAL CATHEDRAL NOTRE DAME DE REIMS&#8221;][\/vc_column][\/vc_row][vc_row][vc_column][\/vc_column][\/vc_row][vc_row][vc_column][vc_column_text] Si vous avez envie de faire une excursion d&#8217;une journ\u00e9e au d\u00e9part de Paris, une destination id\u00e9ale serait la belle ville de Reims situ\u00e9e \u00e0 seulement 1h45 de route. La ville de Reims \u00e0 principalement deux cadeaux\u00a0 \u00e0 offrir \u00e0 ses visiteurs: l&#8217;histoire et<\/p>\n","protected":false},"author":1,"featured_media":0,"parent":0,"menu_order":0,"comment_status":"closed","ping_status":"closed","template":"","meta":{"footnotes":""},"class_list":["post-1706","page","type-page","status-publish","hentry"],"_links":{"self":[{"href":"https:\/\/paris-black-cars.com\/fr\/wp-json\/wp\/v2\/pages\/1706","targetHints":{"allow":["GET"]}}],"collection":[{"href":"https:\/\/paris-black-cars.com\/fr\/wp-json\/wp\/v2\/pages"}],"about":[{"href":"https:\/\/paris-black-cars.com\/fr\/wp-json\/wp\/v2\/types\/page"}],"author":[{"embeddable":true,"href":"https:\/\/paris-black-cars.com\/fr\/wp-json\/wp\/v2\/users\/1"}],"replies":[{"embeddable":true,"href":"https:\/\/paris-black-cars.com\/fr\/wp-json\/wp\/v2\/comments?post=1706"}],"version-history":[{"count":2,"href":"https:\/\/paris-black-cars.com\/fr\/wp-json\/wp\/v2\/pages\/1706\/revisions"}],"predecessor-version":[{"id":1709,"href":"https:\/\/paris-black-cars.com\/fr\/wp-json\/wp\/v2\/pages\/1706\/revisions\/1709"}],"wp:attachment":[{"href":"https:\/\/paris-black-cars.com\/fr\/wp-json\/wp\/v2\/media?parent=1706"}],"curies":[{"name":"wp","href":"https:\/\/api.w.org\/{rel}","templated":true}]}}