{"id":1701,"date":"2019-05-22T17:51:06","date_gmt":"2019-05-22T15:51:06","guid":{"rendered":"https:\/\/paris-black-cars.com\/giverny\/"},"modified":"2023-04-30T12:50:01","modified_gmt":"2023-04-30T10:50:01","slug":"giverny-tour-prive","status":"publish","type":"page","link":"https:\/\/paris-black-cars.com\/fr\/giverny-tour-prive\/","title":{"rendered":"GIVERNY"},"content":{"rendered":"<div class=\"wpb-content-wrapper\">[vc_row][vc_column]<h1>Giverny &#8211; Maison de Claude Monet<\/h1>[\/vc_column][\/vc_row][vc_row][vc_column][vc_video link=&#8221;https:\/\/youtu.be\/rjWx2WNXFF4&#8243; align=&#8221;center&#8221;][\/vc_column][\/vc_row][vc_row][vc_column][vc_gallery type=&#8221;image_grid&#8221; images=&#8221;1286,1271,1382,1387&#8243;][\/vc_column][\/vc_row][vc_row][vc_column][vc_column_text]Les jardins et la maison de Monet seront ouverts aux visiteurs \u00e0 partir du 22 mars 2019 et resteront ouverts tous les jours de 9h30 \u00e0 18h00 jusqu&#8217;au 1er novembre 2019[\/vc_column_text][\/vc_column][\/vc_row][vc_row][vc_column][vc_column_text]Giverny est un petit village situ\u00e9 en Normandie \u00e0 1h30 de Paris. Claude Monet, l&#8217;un des plus importants peintres impressionnistes, s&#8217;est install\u00e9 \u00e0 Giverny en 1883. Il a transform\u00e9 le domaine abandonn\u00e9 en un chef-d&#8217;\u0153uvre floral qui a inspir\u00e9 nombre de ses plus grandes \u0153uvres d&#8217;art. Vous serez plong\u00e9 dans l&#8217;univers de Claude Monet et d\u00e9couvrirez la vie quotidienne du peintre en explorant l&#8217;atelier et la maison qu&#8217;il a habit\u00e9s pendant 40 ans. La maison de Monet est entour\u00e9e de magnifiques jardins luxuriants et fleuris. Vous serez \u00e9merveill\u00e9 par la magie du Clos Normand et l&#8217;ambiance orientale du jardin d&#8217;eau avec son pont japonais, ses &#8220;Nymph\u00e9as&#8221; dans les bassins, ses pivoines japonaises et ses Bambous.[\/vc_column_text][\/vc_column][\/vc_row][vc_row][vc_column width=&#8221;1\/2&#8243;]<h2>Ce qu&#8217;il faut voir \u00e0 Giverny :<\/h2>[\/vc_column][vc_column width=&#8221;1\/2&#8243;]<h2>Ce qu&#8217;il faut savoir<\/h2>[\/vc_column][\/vc_row][vc_row][vc_column width=&#8221;1\/2&#8243;][vc_column_text]\n<ul>\n<li>Maison de Claude Monet<\/li>\n<li>Le clos normand<\/li>\n<li>Les jardins aquatiques<\/li>\n<li>Le studio des n\u00e9nuphars<\/li>\n<li>Les estampes japonaises<\/li>\n<li>Un mus\u00e9e d\u00e9di\u00e9 au mouvement impressionniste<\/li>\n<\/ul>\n[\/vc_column_text][\/vc_column][vc_column width=&#8221;1\/2&#8243;][vc_column_text]\n<ul>\n<li>Vous pouvez combiner votre visite \u00e0 Giverny avec la visite de la chambre de Van Gogh dans le village d&#8217;Auvers-sur-Oise.<\/li>\n<li>Veuillez noter que dans le village de Giverny, il n&#8217;y a pas de distributeur automatique de billets ni de bureau de change.<\/li>\n<\/ul>\n[\/vc_column_text][\/vc_column][\/vc_row][vc_row][vc_column width=&#8221;1\/2&#8243;]<h2>Billets d&#8217;entr\u00e9e<\/h2>[\/vc_column][vc_column width=&#8221;1\/2&#8243;]<h2>Visite guid\u00e9e priv\u00e9e par la fondation<\/h2>[\/vc_column][\/vc_row][vc_row][vc_column width=&#8221;1\/2&#8243;][vc_column_text]\n<ul>\n<li>Tarif normal et seniors : 10,20 euros<\/li>\n<li>Enfants de moins de 7 ans : gratuit<\/li>\n<li>Enfants et \u00e9tudiants : 7,20 euros<\/li>\n<li>Handicap\u00e9s : 5,70 euros<\/li>\n<li>Les billets d&#8217;entr\u00e9e peuvent \u00eatre achet\u00e9s sur place.<\/li>\n<li>Vous pouvez r\u00e9server votre billet en ligne sur le <a href=\"http:\/\/fondation-monet.com\/en\/claude-monet-2\/\" rel=\"nofollow noopener\" target=\"_blank\">site de la Fondation Monet<\/a>.<\/li>\n<\/ul>\n[\/vc_column_text][\/vc_column][vc_column width=&#8221;1\/2&#8243;][vc_column_text]\n<h3><\/h3>\n<ul>\n<li>Dur\u00e9e :1 heure 15 \u00e0 1 heure 45<\/li>\n<li>Les visites priv\u00e9es se d\u00e9roulent en anglais, en fran\u00e7ais ou en allemand.<\/li>\n<li>Visites guid\u00e9es 2019 tarifs pour 1 \u00e0 25 personnes : 190 euros pour votre groupe + <a href=\"http:\/\/giverny.org\/gardens\/fcm\/ticket\/\" rel=\"nofollow noopener\" target=\"_blank\">billet d&#8217;entr\u00e9e<\/a>.<\/li>\n<li>Pas de file d&#8217;attente<\/li>\n<li><b>Sur rendez-vous uniquement. Les groupes de 20 personnes ou plus doivent \u00e9galement r\u00e9server leur cr\u00e9neau horaire aupr\u00e8s de la Fondation Monet.<\/b><\/li>\n<li> Aucune visite guid\u00e9e n&#8217;est possible sans rendez-vous.<\/li>\n<\/ul>\n[\/vc_column_text][\/vc_column][\/vc_row][vc_row][vc_column width=&#8221;1\/2&#8243;]<h2>Ce que nous offrons<\/h2>[\/vc_column][vc_column width=&#8221;1\/2&#8243;]<h2>Obtenir un devis<\/h2>[\/vc_column][\/vc_row][vc_row][vc_column width=&#8221;1\/2&#8243;][vc_column_text]Nous viendrons vous chercher \u00e0 votre h\u00f4tel ou \u00e0 votre r\u00e9sidence et nous vous conduirons \u00e0 Giverny et\/ou \u00e0 Auvers. Nous pouvons vous aider \u00e0 organiser votre visite selon votre plan. Le v\u00e9hicule et le chauffeur seront \u00e0 votre disposition pour votre excursion d&#8217;une journ\u00e9e \u00e0 Giverny et dans les environs. Le chauffeur parle anglais. Il vous raccompagnera \u00e0 votre h\u00f4tel ou r\u00e9sidence \u00e0 la fin de votre visite.[\/vc_column_text][\/vc_column][vc_column width=&#8221;1\/2&#8243;][vc_column_text]\n<ul>\n<li>Whatsapp : +33177472123<\/li>\n<li>Mail: info@paris-black-cars.com<\/li>\n<li>Tel: +33177503528<\/li>\n<\/ul>\n[\/vc_column_text][\/vc_column][\/vc_row]\n<\/div>","protected":false},"excerpt":{"rendered":"<p>[vc_row][vc_column][\/vc_column][\/vc_row][vc_row][vc_column][vc_video link=&#8221;https:\/\/youtu.be\/rjWx2WNXFF4&#8243; align=&#8221;center&#8221;][\/vc_column][\/vc_row][vc_row][vc_column][vc_gallery type=&#8221;image_grid&#8221; images=&#8221;1286,1271,1382,1387&#8243;][\/vc_column][\/vc_row][vc_row][vc_column][vc_column_text]Les jardins et la maison de Monet seront ouverts aux visiteurs \u00e0 partir du 22 mars 2019 et resteront ouverts tous les jours de 9h30 \u00e0 18h00 jusqu&#8217;au 1er novembre 2019[\/vc_column_text][\/vc_column][\/vc_row][vc_row][vc_column][vc_column_text]Giverny est un petit village situ\u00e9 en Normandie \u00e0 1h30 de Paris. Claude Monet, l&#8217;un des plus importants peintres impressionnistes, s&#8217;est<\/p>\n","protected":false},"author":1,"featured_media":0,"parent":0,"menu_order":0,"comment_status":"closed","ping_status":"closed","template":"","meta":{"footnotes":""},"class_list":["post-1701","page","type-page","status-publish","hentry"],"_links":{"self":[{"href":"https:\/\/paris-black-cars.com\/fr\/wp-json\/wp\/v2\/pages\/1701","targetHints":{"allow":["GET"]}}],"collection":[{"href":"https:\/\/paris-black-cars.com\/fr\/wp-json\/wp\/v2\/pages"}],"about":[{"href":"https:\/\/paris-black-cars.com\/fr\/wp-json\/wp\/v2\/types\/page"}],"author":[{"embeddable":true,"href":"https:\/\/paris-black-cars.com\/fr\/wp-json\/wp\/v2\/users\/1"}],"replies":[{"embeddable":true,"href":"https:\/\/paris-black-cars.com\/fr\/wp-json\/wp\/v2\/comments?post=1701"}],"version-history":[{"count":13,"href":"https:\/\/paris-black-cars.com\/fr\/wp-json\/wp\/v2\/pages\/1701\/revisions"}],"predecessor-version":[{"id":4291,"href":"https:\/\/paris-black-cars.com\/fr\/wp-json\/wp\/v2\/pages\/1701\/revisions\/4291"}],"wp:attachment":[{"href":"https:\/\/paris-black-cars.com\/fr\/wp-json\/wp\/v2\/media?parent=1701"}],"curies":[{"name":"wp","href":"https:\/\/api.w.org\/{rel}","templated":true}]}}