{"id":1692,"date":"2019-05-22T16:47:06","date_gmt":"2019-05-22T14:47:06","guid":{"rendered":"https:\/\/paris-black-cars.com\/reservation-de-transfert-a-paris\/"},"modified":"2021-07-05T12:02:43","modified_gmt":"2021-07-05T10:02:43","slug":"reservation","status":"publish","type":"page","link":"https:\/\/paris-black-cars.com\/fr\/reservation\/","title":{"rendered":"R\u00e9servation de transferts \u00e0 Paris"},"content":{"rendered":"<div class=\"wpb-content-wrapper\">[vc_row][vc_column]<!-- BEGIN .booking-step-wrapper -->\n\t\t<div class=\"booking-step-wrapper clearfix\">\n<div class=\"step-wrapper clearfix\">\t\n\t<div class=\"step-icon-wrapper\">\n\t\n\t\t\t\t\t<div class=\"step-icon step-icon-current\">1.<\/div>\n\t\t\t\t\n\t<\/div>\n\t<div class=\"step-title\">D\u00e9tails du voyage<\/div>\n<\/div>\n\n<div class=\"step-wrapper clearfix\">\n\t<div class=\"step-icon-wrapper\">\n\t\t\n\t\t\t\t\t<div class=\"step-icon\">2.<\/div>\n\t\t\t\t\n\t<\/div>\n\t<div class=\"step-title\">S\u00e9lectionnez un v\u00e9hicule<\/div>\n<\/div>\n\n<div class=\"step-wrapper clearfix\">\n\t<div class=\"step-icon-wrapper\">\n\t\t\n\t\t\t\t\t<div class=\"step-icon\">3.<\/div>\n\t\t\t\t\n\t<\/div>\n\t\t\t<div class=\"step-title\">Entrer les informations de paiement<\/div>\n\t<\/div>\n\n<div class=\"step-wrapper qns-last clearfix\">\n\t<div class=\"step-icon-wrapper\">\n\t\t\n\t\t\t\t\t<div class=\"step-icon\">4.<\/div>\n\t\t\t\t\n\t<\/div>\n\t<div class=\"step-title\">Confirmation<\/div>\n<\/div>\n\n<div class=\"step-line\"><\/div><!-- END .booking-step-wrapper -->\n\t\t<\/div><!-- BEGIN .clearfix -->\n\t\t<div class=\"booking-form-content clearfix\">\n\n\t\t\t<!-- BEGIN .widget-booking-form-wrapper -->\n\t\t\t<div class=\"widget-booking-form-wrapper booking-step-1-form\">\n\n\t\t\t\t<!-- BEGIN #booking-tabs -->\n\t\t\t\t<div id=\"booking-tabs\">\n\n\t\t\t\t\t<ul class=\"nav clearfix\">\n\t\t\t\t\t\t<li><a id=\"tab1\" href=\"#tab-one-way\">Distance<\/a><\/li>\n\t\t\t\t\t\t<li><a id=\"tab2\" href=\"#tab-hourly\">Par heure<\/a><\/li>\n\t\t\t\t\t\t<li><a id=\"tab3\" href=\"#tab-flat\">Forfait<\/a><\/li>\n\t\t\t\t\t<\/ul>\n\n\t\t\t\t\t<!-- BEGIN #tab-one-way -->\n\t\t\t\t\t<div id=\"tab-one-way\">\n\n\t\t\t\t\t\t<!-- BEGIN .booking-form-1 -->\n\t\t\t\t\t\t<form class=\"booking-form-1 one-way-transfer-form\">\n\n\t\t\t\t\t\t\t<input type=\"text\" name=\"pickup-address\" id=\"pickup-address1\" class=\"pickup-address\" placeholder=\"Adresse de prise en charge\" \/>\n\t\t\t\t\t\t\t<input type=\"text\" name=\"dropoff-address\" id=\"dropoff-address1\" class=\"dropoff-address\" placeholder=\"Adresse de d\u00e9pose\" \/>\n\t\t\t\t\t\t\t\n\t\t\t\t\t\t\t<div class=\"select-wrapper\">\n\t\t\t\t\t\t\t\t<i class=\"fa fa-angle-down\"><\/i>\n\t\t\t\t\t\t\t \t<select name=\"return-journey\">\n\t\t\t\t\t\t\t\t\t<option value=\"false\">Aller simple<\/option>\n\t\t\t\t\t\t\t\t\t<option value=\"true\">Retour<\/option>\n\t\t\t\t\t\t\t\t<\/select>\n\t\t\t\t\t\t\t<\/div>\n\t\t\t\t\t\t\t\n\t\t\t\t\t\t\t<input type=\"text\" name=\"pickup-date\" class=\"datepicker pickup-date1\" value=\"\" placeholder=\"Date de prise en charge\" \/>\n\t\t\t\t\t\t\t\n\t\t\t\t\t\t\t\n\t\t\t\t\t\t\t<div class=\"booking-form-time\">\n\t\t\t\t\t\t\t\t<label>Heure de prise en charge<\/label>\n\t\t\t\t\t\t\t<\/div>\n\n\t\t\t\t\t\t\t<div class=\"booking-form-hour\">\n\t\t\t\t\t\t\t\t<div class=\"select-wrapper\">\n\t\t\t\t\t\t\t\t\t<i class=\"fa fa-angle-down\"><\/i>\n\t\t\t\t\t\t\t\t \t<select name=\"time-hour\" class=\"time-hour1\"><option value=\"01\">01<\/option>\n\t\t<option value=\"02\">02<\/option>\n\t\t<option value=\"03\">03<\/option>\n\t\t<option value=\"04\">04<\/option>\n\t\t<option value=\"05\">05<\/option>\n\t\t<option value=\"06\">06<\/option>\n\t\t<option value=\"07\">07<\/option>\n\t\t<option value=\"08\">08<\/option>\n\t\t<option value=\"09\">09<\/option>\n\t\t<option value=\"10\">10<\/option>\n\t\t<option value=\"11\">11<\/option>\n\t\t<option value=\"12\">12<\/option>\n\t\t<option value=\"13\">13<\/option>\n\t\t<option value=\"14\">14<\/option>\n\t\t<option value=\"15\">15<\/option>\n\t\t<option value=\"16\">16<\/option>\n\t\t<option value=\"17\">17<\/option>\n\t\t<option value=\"18\">18<\/option>\n\t\t<option value=\"19\">19<\/option>\n\t\t<option value=\"20\">20<\/option>\n\t\t<option value=\"21\">21<\/option>\n\t\t<option value=\"22\">22<\/option>\n\t\t<option value=\"23\">23<\/option>\n\t\t<option value=\"00\">00<\/option><\/select>\n\t\t\t\t\t\t\t\t<\/div>\n\t\t\t\t\t\t\t<\/div>\n\n\t\t\t\t\t\t\t<div class=\"booking-form-min\">\n\t\t\t\t\t\t\t\t<div class=\"select-wrapper\">\n\t\t\t\t\t\t\t\t\t<i class=\"fa fa-angle-down\"><\/i>\n\t\t\t\t\t\t\t\t \t<select name=\"time-min\" class=\"time-min1\">\n\t\t\t\t\t\t\t\t\t\t<option value=\"00\">00<\/option>\n\t\t\t\t\t\t\t\t\t\t<option value=\"05\">05<\/option>\n\t\t\t\t\t\t\t\t\t\t<option value=\"10\">10<\/option>\n\t\t\t\t\t\t\t\t\t\t<option value=\"15\">15<\/option>\n\t\t\t\t\t\t\t\t\t\t<option value=\"20\">20<\/option>\n\t\t\t\t\t\t\t\t\t\t<option value=\"25\">25<\/option>\n\t\t\t\t\t\t\t\t\t\t<option value=\"30\">30<\/option>\n\t\t\t\t\t\t\t\t\t\t<option value=\"35\">35<\/option>\n\t\t\t\t\t\t\t\t\t\t<option value=\"40\">40<\/option>\n\t\t\t\t\t\t\t\t\t\t<option value=\"45\">45<\/option>\n\t\t\t\t\t\t\t\t\t\t<option value=\"50\">50<\/option>\n\t\t\t\t\t\t\t\t\t\t<option value=\"55\">55<\/option>\n\t\t\t\t\t\t\t\t\t<\/select>\n\t\t\t\t\t\t\t\t<\/div>\n\t\t\t\t\t\t\t<\/div>\n\n\t\t\t\t\t\t\t<input type=\"hidden\" name=\"form_type\" value=\"one_way\" \/>\n\t\t\t\t\t\t\t<input type=\"hidden\" name=\"first_booking_step\" class=\"first_booking_step\" value=\"1\" \/>\n\n\t\t\t\t\t\t\t<input type=\"hidden\" name=\"action\" value=\"contactform_action\" \/>\n\t\t\t\t\t\t\t<input type=\"hidden\" id=\"_acf_nonce1\" name=\"_acf_nonce1\" value=\"78a81fbd33\" \/><input type=\"hidden\" name=\"_wp_http_referer\" value=\"\/fr\/wp-json\/wp\/v2\/pages\/1692\" \/>\n\n\t\t\t\t\t\t\t<button type=\"button\" class=\"bookingbutton1\">\n\t\t\t\t \t\t\t\t<span>R\u00e9server<\/span>\n\t\t\t\t\t\t\t<\/button>\n\n\t\t\t\t\t\t<!-- END .booking-form-1 -->\n\t\t\t\t\t\t<\/form>\n\n\t\t\t\t\t<!-- END #tab-one-way -->\n\t\t\t\t\t<\/div>\n\n\t\t\t\t\t<!-- BEGIN #tab-hourly -->\n\t\t\t\t\t<div id=\"tab-hourly\">\n\n\t\t\t\t\t\t<!-- BEGIN .booking-form-1 -->\n\t\t\t\t\t\t<form class=\"booking-form-1 hourly-service-form\">\n\n\t\t\t\t\t\t\t<input type=\"text\" name=\"pickup-address\" id=\"pickup-address2\" class=\"pickup-address\" placeholder=\"Adresse de prise en charge\" \/>\n\n\t\t\t\t\t\t\t<div class=\"one-third\">\n\t\t\t\t\t\t\t\t<label>Dur\u00e9e du trajet<\/label>\n\t\t\t\t\t\t\t<\/div>\n\n\t\t\t\t\t\t\t<div class=\"two-thirds last-col\">\n\t\t\t\t\t\t\t\t<div class=\"select-wrapper\">\n\t\t\t\t\t\t\t\t\t<i class=\"fa fa-angle-down\"><\/i>\n\t\t\t\t\t\t\t\t \t<select name=\"num-hours\" class=\"ch-num-hours\"><option value=\"1\">1 Heure(s)<\/option><option value=\"2\">2 Heure(s)<\/option><option value=\"3\">3 Heure(s)<\/option><option value=\"4\">4 Heure(s)<\/option><option value=\"5\">5 Heure(s)<\/option><option value=\"6\">6 Heure(s)<\/option><option value=\"7\">7 Heure(s)<\/option><option value=\"8\">8 Heure(s)<\/option><option value=\"9\">9 Heure(s)<\/option><option value=\"10\">10 Heure(s)<\/option><option value=\"11\">11 Heure(s)<\/option><option value=\"12\">12 Heure(s)<\/option><option value=\"13\">13 Heure(s)<\/option><option value=\"14\">14 Heure(s)<\/option><option value=\"15\">15 Heure(s)<\/option><option value=\"16\">16 Heure(s)<\/option><option value=\"17\">17 Heure(s)<\/option><option value=\"18\">18 Heure(s)<\/option><option value=\"19\">19 Heure(s)<\/option><option value=\"20\">20 Heure(s)<\/option><option value=\"21\">21 Heure(s)<\/option><option value=\"22\">22 Heure(s)<\/option><option value=\"23\">23 Heure(s)<\/option><option value=\"24\">24 Heure(s)<\/option><\/select>\n\t\t\t\t\t\t\t\t<\/div>\n\t\t\t\t\t\t\t<\/div>\n\n\t\t\t\t\t\t\t<input type=\"text\" name=\"dropoff-address\" id=\"dropoff-address2\" class=\"dropoff-address\" placeholder=\"Adresse de d\u00e9pose\" \/>\n\t\t\t\t\t\t\t<input type=\"text\" name=\"pickup-date\" class=\"datepicker pickup-date2\" value=\"\" placeholder=\"Date de prise en charge\" \/>\n\n\t\t\t\t\t\t\t<div class=\"booking-form-time\">\n\t\t\t\t\t\t\t\t<label>Heure de prise en charge<\/label>\n\t\t\t\t\t\t\t<\/div>\n\n\t\t\t\t\t\t\t<div class=\"booking-form-hour\">\n\t\t\t\t\t\t\t\t<div class=\"select-wrapper\">\n\t\t\t\t\t\t\t\t\t<i class=\"fa fa-angle-down\"><\/i>\n\t\t\t\t\t\t\t\t \t<select name=\"time-hour\" class=\"time-hour2\"><option value=\"01\">01<\/option>\n\t\t<option value=\"02\">02<\/option>\n\t\t<option value=\"03\">03<\/option>\n\t\t<option value=\"04\">04<\/option>\n\t\t<option value=\"05\">05<\/option>\n\t\t<option value=\"06\">06<\/option>\n\t\t<option value=\"07\">07<\/option>\n\t\t<option value=\"08\">08<\/option>\n\t\t<option value=\"09\">09<\/option>\n\t\t<option value=\"10\">10<\/option>\n\t\t<option value=\"11\">11<\/option>\n\t\t<option value=\"12\">12<\/option>\n\t\t<option value=\"13\">13<\/option>\n\t\t<option value=\"14\">14<\/option>\n\t\t<option value=\"15\">15<\/option>\n\t\t<option value=\"16\">16<\/option>\n\t\t<option value=\"17\">17<\/option>\n\t\t<option value=\"18\">18<\/option>\n\t\t<option value=\"19\">19<\/option>\n\t\t<option value=\"20\">20<\/option>\n\t\t<option value=\"21\">21<\/option>\n\t\t<option value=\"22\">22<\/option>\n\t\t<option value=\"23\">23<\/option>\n\t\t<option value=\"00\">00<\/option><\/select>\n\t\t\t\t\t\t\t\t<\/div>\n\t\t\t\t\t\t\t<\/div>\n\n\t\t\t\t\t\t\t<div class=\"booking-form-min\">\n\t\t\t\t\t\t\t\t<div class=\"select-wrapper\">\n\t\t\t\t\t\t\t\t\t<i class=\"fa fa-angle-down\"><\/i>\n\t\t\t\t\t\t\t\t \t<select name=\"time-min\" class=\"time-min2\">\n\t\t\t\t\t\t\t\t\t\t<option value=\"00\">00<\/option>\n\t\t\t\t\t\t\t\t\t\t<option value=\"05\">05<\/option>\n\t\t\t\t\t\t\t\t\t\t<option value=\"10\">10<\/option>\n\t\t\t\t\t\t\t\t\t\t<option value=\"15\">15<\/option>\n\t\t\t\t\t\t\t\t\t\t<option value=\"20\">20<\/option>\n\t\t\t\t\t\t\t\t\t\t<option value=\"25\">25<\/option>\n\t\t\t\t\t\t\t\t\t\t<option value=\"30\">30<\/option>\n\t\t\t\t\t\t\t\t\t\t<option value=\"35\">35<\/option>\n\t\t\t\t\t\t\t\t\t\t<option value=\"40\">40<\/option>\n\t\t\t\t\t\t\t\t\t\t<option value=\"45\">45<\/option>\n\t\t\t\t\t\t\t\t\t\t<option value=\"50\">50<\/option>\n\t\t\t\t\t\t\t\t\t\t<option value=\"55\">55<\/option>\n\t\t\t\t\t\t\t\t\t<\/select>\n\t\t\t\t\t\t\t\t<\/div>\n\t\t\t\t\t\t\t<\/div>\n\n\t\t\t\t\t\t\t<input type=\"hidden\" name=\"form_type\" value=\"hourly\" \/>\n\t\t\t\t\t\t\t<input type=\"hidden\" name=\"first_booking_step\" class=\"first_booking_step\" value=\"1\" \/>\n\n\t\t\t\t\t\t\t<input type=\"hidden\" name=\"action\" value=\"contactform_action\" \/>\n\t\t\t\t\t\t\t<input type=\"hidden\" id=\"_acf_nonce2\" name=\"_acf_nonce2\" value=\"78a81fbd33\" \/><input type=\"hidden\" name=\"_wp_http_referer\" value=\"\/fr\/wp-json\/wp\/v2\/pages\/1692\" \/>\n\n\t\t\t\t\t\t\t<button type=\"button\" class=\"bookingbutton1\">\n\t\t\t\t \t\t\t\t<span>R\u00e9server<\/span>\n\t\t\t\t\t\t\t<\/button>\n\n\t\t\t\t\t\t<!-- END .booking-form-1 -->\n\t\t\t\t\t\t<\/form>\n\n\t\t\t\t\t<!-- END #tab-hourly -->\n\t\t\t\t\t<\/div>\n\t\t\t\t\t\n\t\t\t\t\t<!-- BEGIN #tab-flat -->\n\t\t\t\t\t<div id=\"tab-flat\">\n\n\t\t\t\t\t\t<!-- BEGIN .booking-form-1 -->\n\t\t\t\t\t\t<form action=\"https:\/\/paris-black-cars.com\/booking\" class=\"booking-form-1\" method=\"post\">\n\n\t\t\t\t\t\t\t<div class=\"booking-form-full\">\n\t\t\t\t\t\t\t\t<div class=\"select-wrapper\">\n\t\t\t\t\t\t\t\t\t<i class=\"fa fa-angle-down\"><\/i>\n\t\t\t\t\t\t\t\t \t<select name=\"flat-location\"><option value=\"2253\">Beauvais (BVA) Airport > Disneyland Paris<\/option><option value=\"2252\">Beauvais (BVA) Airport > Paris<\/option><option value=\"2251\">CDG Airport > Disneyland Paris<\/option><option value=\"2549\">CDG Airport > Orly Airport<\/option><option value=\"2236\">CDG Airport > Paris<\/option><option value=\"1157\">CDG Airport > Paris Train Station (Gare de l'Est, du Nord, de Lyon, Montparnasse, Saint-Lazare, Austerlitz, Bercy)<\/option><option value=\"2565\">Disneyland Paris > Beauvais (BVA) Airport<\/option><option value=\"1099\">Disneyland Paris > CDG Airport<\/option><option value=\"2170\">Disneyland Paris > Orly Airport<\/option><option value=\"1072\">Orly Airport > CDG Airport<\/option><option value=\"2250\">Orly Airport > Disneyland Paris<\/option><option value=\"1068\">Orly Airport > Paris<\/option><option value=\"1173\">Orly Airport > Train Station (Gare de l'Est, du Nord, Lyon, Montparnasse, Saint-Lazare, Austerlitz, Bercy)<\/option><option value=\"2555\">Paris > Beauvais (BVA) Airport<\/option><option value=\"2239\">Paris > CDG Airport<\/option><option value=\"1060\">Paris > Orly Airport<\/option><option value=\"1163\">Paris Train Station(Gare de l'Est, du Nord, de Lyon, Montparnasse, Saint-Lazare, Austerlitz, Bercy) > CDG Airport<\/option><option value=\"2115\">Paris Train Station (Gare de l'Est, du Nord, Lyon, Montparnasse, Saint-Lazare, Austerlitz, Bercy) > Orly Airport<\/option><\/select>\n\t\t\t\t\t\t\t\t<\/div>\n\t\t\t\t\t\t\t<\/div>\n\t\t\t\t\t\t\t\n\t\t\t\t\t\t\t<div class=\"booking-form-full\">\n\t\t\t\t\t\t\t\t<div class=\"select-wrapper\">\n\t\t\t\t\t\t\t\t\t<i class=\"fa fa-angle-down\"><\/i>\n\t\t\t\t\t\t\t\t \t<select name=\"return-journey\">\n\t\t\t\t\t\t\t\t\t\t<option value=\"false\">Aller simple<\/option>\n\t\t\t\t\t\t\t\t\t\t<option value=\"true\">Retour<\/option>\n\t\t\t\t\t\t\t\t\t<\/select>\n\t\t\t\t\t\t\t\t<\/div>\n\t\t\t\t\t\t\t<\/div>\n\t\t\t\t\t\t\t\n\t\t\t\t\t\t\t<input type=\"text\" name=\"pickup-date\" class=\"datepicker pickup-date3\" value=\"\" placeholder=\"Date de prise en charge\" \/>\n\n\t\t\t\t\t\t\t<div class=\"booking-form-time\">\n\t\t\t\t\t\t\t\t<label>Heure de prise en charge<\/label>\n\t\t\t\t\t\t\t<\/div>\n\n\t\t\t\t\t\t\t<div class=\"booking-form-hour\">\n\t\t\t\t\t\t\t\t<div class=\"select-wrapper\">\n\t\t\t\t\t\t\t\t\t<i class=\"fa fa-angle-down\"><\/i>\n\t\t\t\t\t\t\t\t \t<select name=\"time-hour\" class=\"time-hour3\"><option value=\"01\">01<\/option>\n\t\t<option value=\"02\">02<\/option>\n\t\t<option value=\"03\">03<\/option>\n\t\t<option value=\"04\">04<\/option>\n\t\t<option value=\"05\">05<\/option>\n\t\t<option value=\"06\">06<\/option>\n\t\t<option value=\"07\">07<\/option>\n\t\t<option value=\"08\">08<\/option>\n\t\t<option value=\"09\">09<\/option>\n\t\t<option value=\"10\">10<\/option>\n\t\t<option value=\"11\">11<\/option>\n\t\t<option value=\"12\">12<\/option>\n\t\t<option value=\"13\">13<\/option>\n\t\t<option value=\"14\">14<\/option>\n\t\t<option value=\"15\">15<\/option>\n\t\t<option value=\"16\">16<\/option>\n\t\t<option value=\"17\">17<\/option>\n\t\t<option value=\"18\">18<\/option>\n\t\t<option value=\"19\">19<\/option>\n\t\t<option value=\"20\">20<\/option>\n\t\t<option value=\"21\">21<\/option>\n\t\t<option value=\"22\">22<\/option>\n\t\t<option value=\"23\">23<\/option>\n\t\t<option value=\"00\">00<\/option><\/select>\n\t\t\t\t\t\t\t\t<\/div>\n\t\t\t\t\t\t\t<\/div>\n\n\t\t\t\t\t\t\t<div class=\"booking-form-min\">\n\t\t\t\t\t\t\t\t<div class=\"select-wrapper\">\n\t\t\t\t\t\t\t\t\t<i class=\"fa fa-angle-down\"><\/i>\n\t\t\t\t\t\t\t\t \t<select name=\"time-min\" class=\"time-min3\">\n\t\t\t\t\t\t\t\t\t\t<option value=\"00\">00<\/option>\n\t\t\t\t\t\t\t\t\t\t<option value=\"05\">05<\/option>\n\t\t\t\t\t\t\t\t\t\t<option value=\"10\">10<\/option>\n\t\t\t\t\t\t\t\t\t\t<option value=\"15\">15<\/option>\n\t\t\t\t\t\t\t\t\t\t<option value=\"20\">20<\/option>\n\t\t\t\t\t\t\t\t\t\t<option value=\"25\">25<\/option>\n\t\t\t\t\t\t\t\t\t\t<option value=\"30\">30<\/option>\n\t\t\t\t\t\t\t\t\t\t<option value=\"35\">35<\/option>\n\t\t\t\t\t\t\t\t\t\t<option value=\"40\">40<\/option>\n\t\t\t\t\t\t\t\t\t\t<option value=\"45\">45<\/option>\n\t\t\t\t\t\t\t\t\t\t<option value=\"50\">50<\/option>\n\t\t\t\t\t\t\t\t\t\t<option value=\"55\">55<\/option>\n\t\t\t\t\t\t\t\t\t<\/select>\n\t\t\t\t\t\t\t\t<\/div>\n\t\t\t\t\t\t\t<\/div>\n\t\t\t\t\t\t\t\n\t\t\t\t\t\t\t<input type=\"hidden\" name=\"form_type\" value=\"flat\" \/>\n\t\t\t\t\t\t\t<input type=\"hidden\" name=\"first_booking_step\" class=\"first_booking_step\" value=\"1\" \/>\n\t\t\t\t\t\t\t\n\t\t\t\t\t\t\t<input type=\"hidden\" name=\"action\" value=\"contactform_action\" \/>\n\t\t\t\t\t\t\t<input type=\"hidden\" id=\"_acf_nonce2\" name=\"_acf_nonce2\" value=\"78a81fbd33\" \/><input type=\"hidden\" name=\"_wp_http_referer\" value=\"\/fr\/wp-json\/wp\/v2\/pages\/1692\" \/>\n\n\t\t\t\t\t\t\t<button type=\"button\" class=\"bookingbutton1\">\n\t\t\t\t \t\t\t\t<span>R\u00e9server<\/span>\n\t\t\t\t\t\t\t<\/button>\n\n\t\t\t\t\t\t<!-- END .booking-form-1 -->\n\t\t\t\t\t\t<\/form>\n\n\t\t\t\t\t<!-- END #tab-flat -->\n\t\t\t\t\t<\/div>\n\t\t\t\t\t\n\t\t\t\t<!-- END #booking-tabs -->\n\t\t\t\t<\/div>\n\n\t\t\t<!-- END .widget-booking-form-wrapper -->\n\t\t\t<\/div>\n\n\t\t\t<div class=\"booking-step-intro\"><h4>R\u00e9servation en ligne<\/h4>\n<p>Vous pouvez choisir un tarif forfaitaire pour un transfert porte-\u00e0-porte ou un tarif horaire pour la mise \u00e0 disposition de la voiture avec chauffeur. Vous pourrez alors s\u00e9lectionner le v\u00e9hicule correspondant \u00e0 vos besoins. Si vous souhaitez effectuer un paiement anticip\u00e9, vous devrez payer par carte de cr\u00e9dit ou par Paypal sinon un paiement en esp\u00e8ces est accept\u00e9 \u00e0 l&#8217;arriv\u00e9e. Vous recevrez alors un mail de confirmation de votre prestation.<\/p>\n<div class=\"clearfix\">\n<div class=\"qns-one-half\">\n<ul class=\"list-style4\">\n<li>R\u00e9servation en ligne facile<\/li>\n<li>Plusieurs options de paiement<\/li>\n<li>Confirmation instantan\u00e9e<\/li>\n<li>Contact WhatsApp<\/li>\n<li>Gestion facile de votre r\u00e9servation<\/li>\n<li>Annulation sans frais<\/li>\n<\/ul>\n<\/div>\n<\/div>\n<\/div>\n\n\t\t<!-- END .clearfix -->\n\t\t<\/div>[\/vc_column][\/vc_row]\n<\/div>","protected":false},"excerpt":{"rendered":"<p>[vc_row][vc_column][\/vc_column][\/vc_row]<\/p>\n","protected":false},"author":1,"featured_media":0,"parent":0,"menu_order":0,"comment_status":"closed","ping_status":"closed","template":"","meta":{"footnotes":""},"class_list":["post-1692","page","type-page","status-publish","hentry"],"_links":{"self":[{"href":"https:\/\/paris-black-cars.com\/fr\/wp-json\/wp\/v2\/pages\/1692","targetHints":{"allow":["GET"]}}],"collection":[{"href":"https:\/\/paris-black-cars.com\/fr\/wp-json\/wp\/v2\/pages"}],"about":[{"href":"https:\/\/paris-black-cars.com\/fr\/wp-json\/wp\/v2\/types\/page"}],"author":[{"embeddable":true,"href":"https:\/\/paris-black-cars.com\/fr\/wp-json\/wp\/v2\/users\/1"}],"replies":[{"embeddable":true,"href":"https:\/\/paris-black-cars.com\/fr\/wp-json\/wp\/v2\/comments?post=1692"}],"version-history":[{"count":31,"href":"https:\/\/paris-black-cars.com\/fr\/wp-json\/wp\/v2\/pages\/1692\/revisions"}],"predecessor-version":[{"id":2506,"href":"https:\/\/paris-black-cars.com\/fr\/wp-json\/wp\/v2\/pages\/1692\/revisions\/2506"}],"wp:attachment":[{"href":"https:\/\/paris-black-cars.com\/fr\/wp-json\/wp\/v2\/media?parent=1692"}],"curies":[{"name":"wp","href":"https:\/\/api.w.org\/{rel}","templated":true}]}}