{"id":13533,"date":"2023-12-28T14:03:07","date_gmt":"2023-12-28T13:03:07","guid":{"rendered":"https:\/\/paris-black-cars.com\/car-services-in-france\/"},"modified":"2024-01-16T14:18:25","modified_gmt":"2024-01-16T13:18:25","slug":"car-services-in-france","status":"publish","type":"page","link":"https:\/\/paris-black-cars.com\/fr\/car-services-in-france\/","title":{"rendered":"Services automobiles en France"},"content":{"rendered":"<div class=\"wpb-content-wrapper\">[vc_row][vc_column][vc_column_text]\r\n            \r\n            \r\n            \r\n            <a name='map4'><\/a>\r\n            \r\n            \r\n            \r\n            \r\n            <div class=\"wpgmza_map \"  id=\"wpgmza_map_4\" style=\"display:block; overflow:auto; width:100%; height:400px; float:left;\" data-settings='{\"id\":\"4\",\"map_title\":\"Car Services France\",\"map_width\":\"100\",\"map_height\":\"400\",\"map_start_lat\":\"46.57597995345987\",\"map_start_lng\":\"2.7095311874999872\",\"map_start_location\":\"\",\"map_start_zoom\":\"5\",\"default_marker\":\"\",\"type\":\"1\",\"alignment\":\"0\",\"directions_enabled\":\"0\",\"styling_enabled\":\"0\",\"styling_json\":\"\",\"active\":\"0\",\"kml\":\"\",\"bicycle\":\"0\",\"traffic\":\"0\",\"dbox\":\"1\",\"dbox_width\":\"100\",\"listmarkers\":\"0\",\"listmarkers_advanced\":\"0\",\"filterbycat\":\"0\",\"ugm_enabled\":\"0\",\"ugm_category_enabled\":\"0\",\"fusion\":\"\",\"map_width_type\":\"%\",\"map_height_type\":\"px\",\"mass_marker_support\":\"2\",\"ugm_access\":\"0\",\"order_markers_by\":\"1\",\"order_markers_choice\":\"1\",\"show_user_location\":\"0\",\"default_to\":\"\",\"other_settings\":{\"map_type\":1,\"sl_stroke_color\":\"#ff0000\",\"sl_fill_color\":\"#ff0000\",\"sl_stroke_opacity\":\"1\",\"sl_fill_opacity\":\"0.5\",\"transport_layer\":false,\"action\":\"wpgmza_save_map\",\"redirect_to\":\"\\\/wp-admin\\\/admin-post.php\",\"map_id\":\"4\",\"http_referer\":\"\\\/wp-admin\\\/admin.php?page=wp-google-maps-menu&amp;amp;action=edit&amp;amp;map_id=4\",\"wpgmza_id\":\"4\",\"wpgmza_start_location\":\"46.57597995345987,2.7095311874999872\",\"wpgmza_start_zoom\":\"5\",\"wpgmza_theme_data\":\"\",\"wpgmza_dbox_width_type\":\"%\",\"default_from\":\"\",\"directions_behaviour\":\"default\",\"force_google_directions_app\":false,\"directions_route_origin_icon\":\"https:\\\/\\\/paris-black-cars.com\\\/wp-content\\\/plugins\\\/wp-google-maps\\\/images\\\/spotlight-poi3.png\",\"directions_origin_retina\":false,\"directions_route_destination_icon\":\"https:\\\/\\\/paris-black-cars.com\\\/wp-content\\\/plugins\\\/wp-google-maps\\\/images\\\/spotlight-poi3.png\",\"directions_destination_retina\":false,\"directions_route_stroke_color\":\"#4f8df5\",\"directions_route_stroke_weight\":\"4\",\"directions_route_stroke_opacity\":\"0.8\",\"directions_fit_bounds_to_route\":false,\"store_locator_enabled\":false,\"store_locator_search_area\":\"radial\",\"wpgmza_store_locator_radius_style\":\"legacy\",\"wpgmza_store_locator_default_radius\":\"10\",\"store_locator_auto_area_max_zoom\":\"\",\"wpgmza_store_locator_restrict\":\"\",\"store_locator_distance\":false,\"wpgmza_store_locator_position\":false,\"store_locator_show_distance\":false,\"store_locator_category\":false,\"wpgmza_store_locator_use_their_location\":false,\"wpgmza_store_locator_bounce\":false,\"upload_default_sl_marker\":\"\",\"upload_default_sl_marker_retina\":false,\"wpgmza_sl_animation\":\"0\",\"wpgmza_store_locator_hide_before_search\":false,\"store_locator_query_string\":\"\",\"store_locator_location_placeholder\":\"\",\"store_locator_default_address\":\"\",\"store_locator_name_search\":false,\"store_locator_name_string\":\"\",\"store_locator_not_found_message\":\"\",\"retina\":false,\"wpgmza_map_align\":\"1\",\"upload_default_ul_marker\":\"\",\"upload_default_ul_marker_retina\":false,\"jump_to_nearest_marker_on_initialization\":true,\"automatically_pan_to_users_location\":false,\"override_users_location_zoom_level\":false,\"override_users_location_zoom_levels\":\"\",\"show_distance_from_location\":false,\"map_max_zoom\":\"21\",\"map_min_zoom\":\"0\",\"click_open_link\":false,\"fit_maps_bounds_to_markers\":false,\"fit_maps_bounds_to_markers_after_filtering\":false,\"hide_point_of_interest\":false,\"wpgmza_zoom_on_marker_click\":false,\"wpgmza_zoom_on_marker_click_slider\":\"\",\"close_infowindow_on_map_click\":false,\"disable_lightbox_images\":false,\"use_Raw_Jpeg_Coordinates\":false,\"polygon_labels\":false,\"disable_polygon_info_windows\":false,\"enable_advanced_custom_fields_integration\":false,\"enable_toolset_woocommerce_integration\":false,\"enable_woo_product_integration\":false,\"enable_marker_ratings\":false,\"only_load_markers_within_viewport\":false,\"iw_primary_color\":\"#000000\",\"iw_accent_color\":\"#000000\",\"iw_text_color\":\"#000000\",\"wpgmza_listmarkers_by\":\"0\",\"wpgmza_marker_listing_position\":false,\"wpgmza_push_in_map\":false,\"wpgmza_push_in_map_placement\":\"1\",\"wpgmza_push_in_map_width\":\"\",\"wpgmza_push_in_map_height\":\"\",\"zoom_level_on_marker_listing_override\":false,\"zoom_level_on_marker_listing_click\":\"\",\"marker_listing_disable_zoom\":false,\"datatable_no_result_message\":\"\",\"remove_search_box_datables\":false,\"dataTable_pagination_style\":\"default\",\"datatable_search_string\":\"\",\"datatable_result_start\":\"\",\"datatable_result_of\":\"\",\"datatable_result_to\":\"\",\"datatable_result_total\":\"\",\"datatable_result_show\":\"\",\"datatable_result_entries\":\"\",\"wpgmza_savemap\":\"Save Map \\u00bb\",\"shortcodeAttributes\":{\"id\":\"4\"}}}' data-map-id='4' data-shortcode-attributes='{\"id\":\"4\"}'> <\/div>\r\n            \r\n               \r\n        [\/vc_column_text][\/vc_column][\/vc_row][vc_row][vc_column width=&#8221;1\/3&#8243;][vc_single_image image=&#8221;1194&#8243; img_size=&#8221;full&#8221;][\/vc_column][vc_column width=&#8221;2\/3&#8243;][vc_custom_heading text=&#8221;Lors de l&apos;organisation d&apos;un \u00e9v\u00e9nement sp\u00e9cial, vous,votre famille ou vos amis pouvez avoir envie de passer un bon moment sans vous soucier de la conduite.&#8221; google_fonts=&#8221;font_family:Varela%20Round%3Aregular|font_style:400%20regular%3A400%3Anormal&#8221;][vc_column_text]Nous avons d\u00e9velopp\u00e9 un vaste r\u00e9seau mondial de partenaires en mati\u00e8re de transport, ce qui leur permet de fournir des services de transport terrestre de premi\u00e8re qualit\u00e9 pour des groupes de toute taille dans le monde entier. Lors de l&#8217;organisation d&#8217;un \u00e9v\u00e9nement sp\u00e9cial, vous,votre famille ou vos amis pouvez avoir envie de passer un bon moment sans vous soucier de la conduite.[\/vc_column_text][\/vc_column][\/vc_row][vc_row el_class=&#8221;theme-margin-top-20&#8243;][vc_column width=&#8221;2\/3&#8243;][vc_custom_heading text=&#8221;Nos chauffeurs exp\u00e9riment\u00e9s vous guideront dans toutes les villes o\u00f9 vous vous trouvez.&#8221; google_fonts=&#8221;font_family:Varela%20Round%3Aregular|font_style:400%20regular%3A400%3Anormal&#8221;][vc_column_text]Nous avons d\u00e9velopp\u00e9 un vaste r\u00e9seau mondial de partenaires en mati\u00e8re de transport, ce qui leur permet de fournir des services de transport terrestre de premi\u00e8re qualit\u00e9 pour des groupes de toute taille dans le monde entier. Lors de l&#8217;organisation d&#8217;un \u00e9v\u00e9nement sp\u00e9cial, vous,votre famille ou vos amis pouvez avoir envie de passer un bon moment sans vous soucier de la conduite.[\/vc_column_text][\/vc_column][vc_column width=&#8221;1\/3&#8243;][vc_single_image image=&#8221;971&#8243; img_size=&#8221;full&#8221; alignment=&#8221;right&#8221;][\/vc_column][\/vc_row][vc_row el_class=&#8221;theme-column-style-6 theme-padding-bottom-0&#8243;][vc_column width=&#8221;1\/2&#8243; el_class=&#8221;theme-margin-bottom-20&#8243;][vc_row_inner content_placement=&#8221;middle&#8221;][vc_column_inner width=&#8221;1\/6&#8243;][vc_icon type=&#8221;entypo&#8221; icon_entypo=&#8221;entypo-icon entypo-icon-check&#8221; color=&#8221;custom&#8221; background_style=&#8221;rounded-outline&#8221; size=&#8221;xs&#8221; custom_color=&#8221;#dd3333&#8243;][\/vc_column_inner][vc_column_inner width=&#8221;5\/6&#8243; css=&#8221;.vc_custom_1697419502913{margin-left: -30px !important;}&#8221;][vc_custom_heading text=&#8221;Chauffeurs professionels&#8221; font_container=&#8221;tag:h4|text_align:left&#8221; use_theme_fonts=&#8221;yes&#8221;][\/vc_column_inner][\/vc_row_inner][vc_row_inner content_placement=&#8221;middle&#8221;][vc_column_inner width=&#8221;1\/6&#8243;][vc_icon type=&#8221;entypo&#8221; icon_entypo=&#8221;entypo-icon entypo-icon-check&#8221; color=&#8221;custom&#8221; background_style=&#8221;rounded-outline&#8221; size=&#8221;xs&#8221; custom_color=&#8221;#dd3333&#8243;][\/vc_column_inner][vc_column_inner width=&#8221;5\/6&#8243; css=&#8221;.vc_custom_1697419502913{margin-left: -30px !important;}&#8221;][vc_custom_heading text=&#8221;Service complet de transport 24 heures sur 24, 7 jours sur 7&#8243; font_container=&#8221;tag:h4|text_align:left&#8221; use_theme_fonts=&#8221;yes&#8221;][\/vc_column_inner][\/vc_row_inner][vc_row_inner content_placement=&#8221;middle&#8221;][vc_column_inner width=&#8221;1\/6&#8243;][vc_icon type=&#8221;entypo&#8221; icon_entypo=&#8221;entypo-icon entypo-icon-check&#8221; color=&#8221;custom&#8221; background_style=&#8221;rounded-outline&#8221; size=&#8221;xs&#8221; custom_color=&#8221;#dd3333&#8243;][\/vc_column_inner][vc_column_inner width=&#8221;5\/6&#8243; css=&#8221;.vc_custom_1697419502913{margin-left: -30px !important;}&#8221;][vc_custom_heading text=&#8221;R\u00e9seau mondial de partenaires en mati\u00e8re de transport&#8221; font_container=&#8221;tag:h4|text_align:left&#8221; use_theme_fonts=&#8221;yes&#8221;][\/vc_column_inner][\/vc_row_inner][\/vc_column][vc_column width=&#8221;1\/2&#8243; el_class=&#8221;theme-margin-bottom-20&#8243;][vc_row_inner content_placement=&#8221;middle&#8221;][vc_column_inner width=&#8221;1\/6&#8243;][vc_icon type=&#8221;entypo&#8221; icon_entypo=&#8221;entypo-icon entypo-icon-check&#8221; color=&#8221;custom&#8221; background_style=&#8221;rounded-outline&#8221; size=&#8221;xs&#8221; custom_color=&#8221;#dd3333&#8243;][\/vc_column_inner][vc_column_inner width=&#8221;5\/6&#8243; css=&#8221;.vc_custom_1697419502913{margin-left: -30px !important;}&#8221;][vc_custom_heading text=&#8221;R\u00e9seau mondial de partenaires en mati\u00e8re de transport&#8221; font_container=&#8221;tag:h4|text_align:left&#8221; use_theme_fonts=&#8221;yes&#8221;][\/vc_column_inner][\/vc_row_inner][vc_row_inner content_placement=&#8221;middle&#8221;][vc_column_inner width=&#8221;1\/6&#8243;][vc_icon type=&#8221;entypo&#8221; icon_entypo=&#8221;entypo-icon entypo-icon-check&#8221; color=&#8221;custom&#8221; background_style=&#8221;rounded-outline&#8221; size=&#8221;xs&#8221; custom_color=&#8221;#dd3333&#8243;][\/vc_column_inner][vc_column_inner width=&#8221;5\/6&#8243; css=&#8221;.vc_custom_1697419502913{margin-left: -30px !important;}&#8221;][vc_custom_heading text=&#8221;Service complet de transport 24 heures sur 24, 7 jours sur 7&#8243; font_container=&#8221;tag:h4|text_align:left&#8221; use_theme_fonts=&#8221;yes&#8221;][\/vc_column_inner][\/vc_row_inner][vc_row_inner content_placement=&#8221;middle&#8221;][vc_column_inner width=&#8221;1\/6&#8243;][vc_icon type=&#8221;entypo&#8221; icon_entypo=&#8221;entypo-icon entypo-icon-check&#8221; color=&#8221;custom&#8221; background_style=&#8221;rounded-outline&#8221; size=&#8221;xs&#8221; custom_color=&#8221;#dd3333&#8243;][\/vc_column_inner][vc_column_inner width=&#8221;5\/6&#8243; css=&#8221;.vc_custom_1697419502913{margin-left: -30px !important;}&#8221;][vc_custom_heading text=&#8221;R\u00e9seau mondial de partenaires en mati\u00e8re de transport&#8221; font_container=&#8221;tag:h4|text_align:left&#8221; use_theme_fonts=&#8221;yes&#8221;][\/vc_column_inner][\/vc_row_inner][\/vc_column][\/vc_row][vc_row top_padding=&#8221;50&#8243;][vc_column el_class=&#8221;theme-margin-bottom-0&#8243;][vc_custom_heading text=&#8221;Avantages de l&apos;embauche d&apos;AutoRide&#8221; font_container=&#8221;tag:h3|text_align:center&#8221; use_theme_fonts=&#8221;yes&#8221; el_class=&#8221;theme-margin-top-60 theme-margin-bottom-50&#8243;][\/vc_column][\/vc_row][vc_row][vc_column width=&#8221;1\/3&#8243; el_class=&#8221;theme-margin-bottom-0&#8243;][vc_icon type=&#8221;entypo&#8221; icon_entypo=&#8221;entypo-icon entypo-icon-check&#8221; color=&#8221;custom&#8221; background_style=&#8221;rounded-outline&#8221; background_color=&#8221;custom&#8221; size=&#8221;xs&#8221; align=&#8221;center&#8221; custom_color=&#8221;#dd3333&#8243; custom_background_color=&#8221;#dd3333&#8243;][vc_column_text]\n<h3 style=\"text-align: center; margin: 0 0 15px 0;\">La s\u00e9curit\u00e9 avant tout<\/h3>\n<p style=\"text-align: center;\">Personnel exp\u00e9riment\u00e9 et chauffeurs professionnels.<\/p>\n[\/vc_column_text][\/vc_column][vc_column width=&#8221;1\/3&#8243;][vc_icon type=&#8221;entypo&#8221; icon_entypo=&#8221;entypo-icon entypo-icon-check&#8221; color=&#8221;custom&#8221; background_style=&#8221;rounded-outline&#8221; background_color=&#8221;custom&#8221; size=&#8221;xs&#8221; align=&#8221;center&#8221; custom_color=&#8221;#dd3333&#8243; custom_background_color=&#8221;#dd3333&#8243;][vc_column_text]\n<h3 style=\"text-align: center; margin: 0 0 15px 0;\">Tarifs raisonnables<\/h3>\n<p style=\"text-align: center;\">Nous pouvons vous proposer le bon v\u00e9hicule au bon prix en fonction de votre budget.<\/p>\n[\/vc_column_text][\/vc_column][vc_column width=&#8221;1\/3&#8243;][vc_icon type=&#8221;entypo&#8221; icon_entypo=&#8221;entypo-icon entypo-icon-check&#8221; color=&#8221;custom&#8221; background_style=&#8221;rounded-outline&#8221; background_color=&#8221;custom&#8221; size=&#8221;xs&#8221; align=&#8221;center&#8221; custom_color=&#8221;#dd3333&#8243; custom_background_color=&#8221;#dd3333&#8243;][vc_column_text]\n<h3 style=\"text-align: center; margin: 0 0 15px 0;\">La plus grande flotte<\/h3>\n<p style=\"text-align: center;\">Nous disposons d&#8217;une vaste flotte de v\u00e9hicules comprenant des berlines, des limousines et des autocars.<\/p>\n[\/vc_column_text][\/vc_column][\/vc_row][vc_row bottom_padding=&#8221;50&#8243;][vc_column width=&#8221;1\/3&#8243; el_class=&#8221;theme-margin-bottom-0&#8243;][vc_icon type=&#8221;entypo&#8221; icon_entypo=&#8221;entypo-icon entypo-icon-check&#8221; color=&#8221;custom&#8221; background_style=&#8221;rounded-outline&#8221; background_color=&#8221;custom&#8221; size=&#8221;xs&#8221; align=&#8221;center&#8221; custom_color=&#8221;#dd3333&#8243; custom_background_color=&#8221;#dd3333&#8243;][vc_column_text]\n<h3 style=\"text-align: center; margin: 0 0 15px 0;\">La s\u00e9curit\u00e9 avant tout<\/h3>\n<p style=\"text-align: center;\">Personnel exp\u00e9riment\u00e9 et chauffeurs professionnels.<\/p>\n[\/vc_column_text][\/vc_column][vc_column width=&#8221;1\/3&#8243;][vc_icon type=&#8221;entypo&#8221; icon_entypo=&#8221;entypo-icon entypo-icon-check&#8221; color=&#8221;custom&#8221; background_style=&#8221;rounded-outline&#8221; background_color=&#8221;custom&#8221; size=&#8221;xs&#8221; align=&#8221;center&#8221; custom_color=&#8221;#dd3333&#8243; custom_background_color=&#8221;#dd3333&#8243;][vc_column_text]\n<h3 style=\"text-align: center; margin: 0 0 15px 0;\">Tarifs raisonnables<\/h3>\n<p style=\"text-align: center;\">Nous pouvons vous proposer le bon v\u00e9hicule au bon prix en fonction de votre budget.<\/p>\n[\/vc_column_text][\/vc_column][vc_column width=&#8221;1\/3&#8243;][vc_icon type=&#8221;entypo&#8221; icon_entypo=&#8221;entypo-icon entypo-icon-check&#8221; color=&#8221;custom&#8221; background_style=&#8221;rounded-outline&#8221; background_color=&#8221;custom&#8221; size=&#8221;xs&#8221; align=&#8221;center&#8221; custom_color=&#8221;#dd3333&#8243; custom_background_color=&#8221;#dd3333&#8243;][vc_column_text]\n<h3 style=\"text-align: center; margin: 0 0 15px 0;\">La plus grande flotte<\/h3>\n<p style=\"text-align: center;\">Nous disposons d&#8217;une vaste flotte de v\u00e9hicules comprenant des berlines, des limousines et des autocars.<\/p>\n[\/vc_column_text][\/vc_column][\/vc_row][vc_row type=&#8221;full_width_section&#8221;][vc_column][\/vc_column][\/vc_row]\n<\/div>","protected":false},"excerpt":{"rendered":"<p>[vc_row][vc_column][vc_column_text][\/vc_column_text][\/vc_column][\/vc_row][vc_row][vc_column width=&#8221;1\/3&#8243;][vc_single_image image=&#8221;1194&#8243; img_size=&#8221;full&#8221;][\/vc_column][vc_column width=&#8221;2\/3&#8243;][vc_custom_heading text=&#8221;Lors de l&apos;organisation d&apos;un \u00e9v\u00e9nement sp\u00e9cial, vous,votre famille ou vos amis pouvez avoir envie de passer un bon moment sans vous soucier de la conduite.&#8221; google_fonts=&#8221;font_family:Varela%20Round%3Aregular|font_style:400%20regular%3A400%3Anormal&#8221;][vc_column_text]Nous avons d\u00e9velopp\u00e9 un vaste r\u00e9seau mondial de partenaires en mati\u00e8re de transport, ce qui leur permet de fournir des services de transport terrestre de<\/p>\n","protected":false},"author":1,"featured_media":0,"parent":0,"menu_order":0,"comment_status":"closed","ping_status":"closed","template":"","meta":{"footnotes":""},"class_list":["post-13533","page","type-page","status-publish","hentry"],"_links":{"self":[{"href":"https:\/\/paris-black-cars.com\/fr\/wp-json\/wp\/v2\/pages\/13533","targetHints":{"allow":["GET"]}}],"collection":[{"href":"https:\/\/paris-black-cars.com\/fr\/wp-json\/wp\/v2\/pages"}],"about":[{"href":"https:\/\/paris-black-cars.com\/fr\/wp-json\/wp\/v2\/types\/page"}],"author":[{"embeddable":true,"href":"https:\/\/paris-black-cars.com\/fr\/wp-json\/wp\/v2\/users\/1"}],"replies":[{"embeddable":true,"href":"https:\/\/paris-black-cars.com\/fr\/wp-json\/wp\/v2\/comments?post=13533"}],"version-history":[{"count":20,"href":"https:\/\/paris-black-cars.com\/fr\/wp-json\/wp\/v2\/pages\/13533\/revisions"}],"predecessor-version":[{"id":15577,"href":"https:\/\/paris-black-cars.com\/fr\/wp-json\/wp\/v2\/pages\/13533\/revisions\/15577"}],"wp:attachment":[{"href":"https:\/\/paris-black-cars.com\/fr\/wp-json\/wp\/v2\/media?parent=13533"}],"curies":[{"name":"wp","href":"https:\/\/api.w.org\/{rel}","templated":true}]}}