{"id":2203,"date":"2021-05-21T14:29:50","date_gmt":"2021-05-21T12:29:50","guid":{"rendered":"https:\/\/paris-black-cars.com\/?page_id=2203"},"modified":"2023-12-28T14:43:19","modified_gmt":"2023-12-28T13:43:19","slug":"nuestros-servicios","status":"publish","type":"page","link":"https:\/\/paris-black-cars.com\/es\/nuestros-servicios\/","title":{"rendered":"servicios, traslados privados paris"},"content":{"rendered":"<div class=\"wpb-content-wrapper\">[vc_row][vc_column][vc_tta_accordion c_icon=&#8221;chevron&#8221; active_section=&#8221;1&#8243; css_animation=&#8221;none&#8221; collapsible_all=&#8221;true&#8221;][vc_tta_section title=&#8221;SERVICIO PRIVADO&#8221; tab_id=&#8221;1549379757466-4d9d22df-c98e&#8221;][vc_column_text css_animation=&#8221;none&#8221;]El ch\u00f3fer le esperar\u00e1 en la sala de llegadas junto al carrusel de equipaje correspondiente a su vuelo.<br \/>\nLlevar\u00e1 un cartel con tu nombre. \u00c9l lo ayudar\u00e1 a llevar su equipaje y lo llevar\u00e1 a su autom\u00f3vil. Le dejar\u00e1 en la direcci\u00f3n indicada en su reserva.<\/p>\n<p>(Si desea hacer una parada adicional durante su viaje, comun\u00edquese con nosotros por correo electr\u00f3nico o whatsapp al hacer su reserva)<\/p>\n<p>El d\u00eda de salida, el chofer estar\u00e1 listo a la hora y lugar indicados en su boleto electr\u00f3nico, en el lobby del hotel o frente a su residencia.<\/p>\n<p>Tenga en cuenta que tenemos en cuenta el tiempo que necesita para recoger su equipaje y pasar por la aduana. Si tiene alg\u00fan problema en la aduana o si su equipaje se ha perdido, por favor cont\u00e1ctenos por whatsapp para que podamos encontrar una soluci\u00f3n.<\/p>\n<p>Tenga en cuenta que verificamos el estado de los vuelos y ajustaremos su hora de recogida si hay alg\u00fan retraso.<\/p>\n<p>Si se dio cuenta de que olvid\u00f3 un art\u00edculo en el autom\u00f3vil, comun\u00edquese con nosotros de inmediato para que podamos encontrarlo y llev\u00e1rselo.<\/p>\n[\/vc_column_text][\/vc_tta_section][vc_tta_section title=&#8221;VEH\u00cdCULO Y CONDUCTOR A DISPOSICI\u00d3N&#8221; tab_id=&#8221;1549379757494-8b336d49-6c6b&#8221;][vc_column_text css_animation=&#8221;none&#8221;]Podemos proporcionar un veh\u00edculo con ch\u00f3fer, no solo para viajes profesionales sino tambi\u00e9n para todos los viajes de placer (compras, paseos, visitas tur\u00edsticas, etc.).<br \/>\nEl precio de este servicio var\u00eda seg\u00fan el tipo de veh\u00edculo.<br \/>\nOfrecemos 2 tipos de veh\u00edculos:<\/p>\n<p><strong>Veh\u00edculos de alta g<br \/>\nama<\/strong> Mercedes Clase E, Mercedes Clase S, BMW serie 5 y Minivan Viano.<br \/>\nSe proporcionan chocolate, revistas y agua embotellada a bordo.<br \/>\nLos choferes usan abrigo y corbata, hablan ingl\u00e9s con fluidez y son amables y discretos.<\/p>\n<p><strong>Veh\u00edculos econ\u00f3micos<\/strong><br \/>\nSedan de serie Renault o Citro\u00ebn (Renault Scenic o Citro\u00ebn C4, C5).<br \/>\nLas minivans Renault Trafic son espaciosas, limpias y c\u00f3modas.<br \/>\nLos choferes est\u00e1n bien vestidos, son amables y hablan ingl\u00e9s con fluidez.<\/p>\n<p>Puede solicitar un veh\u00edculo y un conductor a disposici\u00f3n por un m\u00ednimo de 2 horas y un m\u00e1ximo de para sus viajes locales y de larga distancia en Francia y Europa. Nuestros conductores son profesionales, experimentados y pueden manejar el ingl\u00e9s.<br \/>\nNo dude en contactarnos para obtener un presupuesto o una devoluci\u00f3n de llamada. Puedes contactar con nosotros v\u00eda Whatsapp +33177472123 o por tel\u00e9fono al +331775035283. Tambi\u00e9n puede ponerse en contacto con nosotros a trav\u00e9s del correo electr\u00f3nico info@paris-black-cars.com[\/vc_column_text][\/vc_tta_section][\/vc_tta_accordion][\/vc_column][\/vc_row]\n<\/div>","protected":false},"excerpt":{"rendered":"<p>[vc_row][vc_column][vc_tta_accordion c_icon=&#8221;chevron&#8221; active_section=&#8221;1&#8243; css_animation=&#8221;none&#8221; collapsible_all=&#8221;true&#8221;][vc_tta_section title=&#8221;SERVICIO PRIVADO&#8221; tab_id=&#8221;1549379757466-4d9d22df-c98e&#8221;][vc_column_text css_animation=&#8221;none&#8221;]El ch\u00f3fer le esperar\u00e1 en la sala de llegadas junto al carrusel de equipaje correspondiente a su vuelo. Llevar\u00e1 un cartel con tu nombre. \u00c9l lo ayudar\u00e1 a llevar su equipaje y lo llevar\u00e1 a su autom\u00f3vil. Le dejar\u00e1 en la direcci\u00f3n indicada en su reserva. (Si<\/p>\n","protected":false},"author":1,"featured_media":0,"parent":0,"menu_order":0,"comment_status":"closed","ping_status":"closed","template":"","meta":{"footnotes":""},"class_list":["post-2203","page","type-page","status-publish","hentry"],"_links":{"self":[{"href":"https:\/\/paris-black-cars.com\/es\/wp-json\/wp\/v2\/pages\/2203","targetHints":{"allow":["GET"]}}],"collection":[{"href":"https:\/\/paris-black-cars.com\/es\/wp-json\/wp\/v2\/pages"}],"about":[{"href":"https:\/\/paris-black-cars.com\/es\/wp-json\/wp\/v2\/types\/page"}],"author":[{"embeddable":true,"href":"https:\/\/paris-black-cars.com\/es\/wp-json\/wp\/v2\/users\/1"}],"replies":[{"embeddable":true,"href":"https:\/\/paris-black-cars.com\/es\/wp-json\/wp\/v2\/comments?post=2203"}],"version-history":[{"count":13,"href":"https:\/\/paris-black-cars.com\/es\/wp-json\/wp\/v2\/pages\/2203\/revisions"}],"predecessor-version":[{"id":13603,"href":"https:\/\/paris-black-cars.com\/es\/wp-json\/wp\/v2\/pages\/2203\/revisions\/13603"}],"wp:attachment":[{"href":"https:\/\/paris-black-cars.com\/es\/wp-json\/wp\/v2\/media?parent=2203"}],"curies":[{"name":"wp","href":"https:\/\/api.w.org\/{rel}","templated":true}]}}