{"id":2195,"date":"2021-05-21T11:03:27","date_gmt":"2021-05-21T09:03:27","guid":{"rendered":"https:\/\/paris-black-cars.com\/flota\/"},"modified":"2023-12-28T15:03:42","modified_gmt":"2023-12-28T14:03:42","slug":"flota-de-vehiculos","status":"publish","type":"page","link":"https:\/\/paris-black-cars.com\/es\/flota-de-vehiculos\/","title":{"rendered":"Nuestra flota de veh\u00edculos"},"content":{"rendered":"<div class=\"wpb-content-wrapper\">[vc_row][vc_column]\t\t\n\t\t<!-- BEGIN .fleet-block-wrapper -->\n\t\t<div class=\"fleet-block-wrapper fleet-2-cols clearfix\">\n\n\t\t\t\t\t\t\t\n\t\t\t\t<!-- BEGIN .fleet-block -->\n\t\t\t\t<div class=\"fleet-block\">\n\t\t\t\t\t\n\t\t\t\t\t\t\t\t\t\t\t\n\t\t\t\t\t\t<div class=\"fleet-block-image\">\n\t\t\t\t\t\t\t\n\t\t\t\t\t\t\t<a href=\"https:\/\/paris-black-cars.com\/es\/flota\/moto-taxi-paris\/\" rel=\"bookmark\" title=\"Moto Taxi Par\u00eds\">\n\t\t\t\t\t\t\t\t<img decoding=\"async\" src=\"https:\/\/paris-black-cars.com\/wp-content\/uploads\/2023\/05\/mototaxiparis-600x380.png\" alt=\"\" title=\"\">\t\t\t\t\t\t\t<\/a>\n\t\t\t\t\t\t<\/div>\n\n\t\t\t\t\t\t\t\t\t\t\n\t\t\t\t\t<div class=\"fleet-block-content\">\n\t\t\t\t\t\t\n\t\t\t\t\t\t\t\t\t\t\t\t\t<div class=\"fleet-price\">Desde 90\u20ac<\/div>\n\t\t\t\t\t\t\t\t\t\t\t\t\n\t\t\t\t\t\t<h4><a href=\"https:\/\/paris-black-cars.com\/es\/flota\/moto-taxi-paris\/\" rel=\"bookmark\" title=\"Moto Taxi Par\u00eds\">Moto Taxi Par\u00eds<\/a><\/h4>\n\t\t\t\t\t\t<div class=\"title-block3\"><\/div>\n\t\t\t\t\t\tMoto Taxi <p>\r\n<ul class=\"list-style4\">\r\n<li>1 Passengers<\/li>\r\n<li>1 Bag<\/li>\r\n<\/ul>\t\t\t\t\t<\/div>\n\t\t\t\t\t\n\t\t\t\t<!-- END .fleet-block -->\n\t\t\t\t<\/div>\n\t\t\t\t\n\t\t\t\t\t\t\t\n\t\t\t\t<!-- BEGIN .fleet-block -->\n\t\t\t\t<div class=\"fleet-block\">\n\t\t\t\t\t\n\t\t\t\t\t\t\t\t\t\t\t\n\t\t\t\t\t\t<div class=\"fleet-block-image\">\n\t\t\t\t\t\t\t\n\t\t\t\t\t\t\t<a href=\"https:\/\/paris-black-cars.com\/es\/flota\/reliable-paris-private-transfers-economy-car-service\/\" rel=\"bookmark\" title=\"Coche sed\u00e1n econ\u00f3mico\">\n\t\t\t\t\t\t\t\t<img decoding=\"async\" src=\"https:\/\/paris-black-cars.com\/wp-content\/uploads\/2023\/12\/bmw-3-series-sedan-color-858696-600x380.avif\" alt=\"Confort Sedan \" title=\"\">\t\t\t\t\t\t\t<\/a>\n\t\t\t\t\t\t<\/div>\n\n\t\t\t\t\t\t\t\t\t\t\n\t\t\t\t\t<div class=\"fleet-block-content\">\n\t\t\t\t\t\t\n\t\t\t\t\t\t\t\t\t\t\t\t\t<div class=\"fleet-price\">Desde 55\u20ac<\/div>\n\t\t\t\t\t\t\t\t\t\t\t\t\n\t\t\t\t\t\t<h4><a href=\"https:\/\/paris-black-cars.com\/es\/flota\/reliable-paris-private-transfers-economy-car-service\/\" rel=\"bookmark\" title=\"Coche sed\u00e1n econ\u00f3mico\">Coche sed\u00e1n econ\u00f3mico<\/a><\/h4>\n\t\t\t\t\t\t<div class=\"title-block3\"><\/div>\n\t\t\t\t\t\tCH-R Toyota, Peugeot 508  or similar<p>\r\n<ul class=\"list-style4\">\r\n<li>3 Passengers<\/li>\r\n<li>3 Bags<\/li>\r\n<\/ul>\r\n\t\t\t\t\t<\/div>\n\t\t\t\t\t\n\t\t\t\t<!-- END .fleet-block -->\n\t\t\t\t<\/div>\n\t\t\t\t\n\t\t\t\t\t\t\t\n\t\t\t\t<!-- BEGIN .fleet-block -->\n\t\t\t\t<div class=\"fleet-block\">\n\t\t\t\t\t\n\t\t\t\t\t\t\t\t\t\t\t\n\t\t\t\t\t\t<div class=\"fleet-block-image\">\n\t\t\t\t\t\t\t\n\t\t\t\t\t\t\t<a href=\"https:\/\/paris-black-cars.com\/es\/flota\/wheelchair-adapted-minivan\/\" rel=\"bookmark\" title=\"Minivan adaptada para silla de ruedas\">\n\t\t\t\t\t\t\t\t<img decoding=\"async\" src=\"https:\/\/paris-black-cars.com\/wp-content\/uploads\/2023\/05\/Ford-Grand-Tourneo-Connect-with-Flexi-Ramp1-ws-600x380.png\" alt=\"Wheelchair Adpated Minivan Paris\" title=\"\">\t\t\t\t\t\t\t<\/a>\n\t\t\t\t\t\t<\/div>\n\n\t\t\t\t\t\t\t\t\t\t\n\t\t\t\t\t<div class=\"fleet-block-content\">\n\t\t\t\t\t\t\n\t\t\t\t\t\t\t\t\t\t\t\t\t<div class=\"fleet-price\">Desde 80\u20ac<\/div>\n\t\t\t\t\t\t\t\t\t\t\t\t\n\t\t\t\t\t\t<h4><a href=\"https:\/\/paris-black-cars.com\/es\/flota\/wheelchair-adapted-minivan\/\" rel=\"bookmark\" title=\"Minivan adaptada para silla de ruedas\">Minivan adaptada para silla de ruedas<\/a><\/h4>\n\t\t\t\t\t\t<div class=\"title-block3\"><\/div>\n\t\t\t\t\t\tMonovolumen Ford Tourneo adaptado <p>\n<ul class=\"list-style4\">\n<li>4 Pasajeros +1 o 2 sillas de ruedas<\/li>\n<li>7 bolsas<\/li>\n<\/ul>\t\t\t\t\t<\/div>\n\t\t\t\t\t\n\t\t\t\t<!-- END .fleet-block -->\n\t\t\t\t<\/div>\n\t\t\t\t\n\t\t\t\t\t\t\t\n\t\t\t\t<!-- BEGIN .fleet-block -->\n\t\t\t\t<div class=\"fleet-block\">\n\t\t\t\t\t\n\t\t\t\t\t\t\t\t\t\t\t\n\t\t\t\t\t\t<div class=\"fleet-block-image\">\n\t\t\t\t\t\t\t\n\t\t\t\t\t\t\t<a href=\"https:\/\/paris-black-cars.com\/es\/flota\/moto-taxi\/\" rel=\"bookmark\" title=\"mototaxi\">\n\t\t\t\t\t\t\t\t<img decoding=\"async\" src=\"https:\/\/paris-black-cars.com\/wp-content\/uploads\/2023\/05\/moto-taxi-600x380.jpg\" alt=\"Paris Moto Taxi\" title=\"\">\t\t\t\t\t\t\t<\/a>\n\t\t\t\t\t\t<\/div>\n\n\t\t\t\t\t\t\t\t\t\t\n\t\t\t\t\t<div class=\"fleet-block-content\">\n\t\t\t\t\t\t\n\t\t\t\t\t\t\t\t\t\t\t\t\t<div class=\"fleet-price\">Desde 80\u20ac<\/div>\n\t\t\t\t\t\t\t\t\t\t\t\t\n\t\t\t\t\t\t<h4><a href=\"https:\/\/paris-black-cars.com\/es\/flota\/moto-taxi\/\" rel=\"bookmark\" title=\"mototaxi\">mototaxi<\/a><\/h4>\n\t\t\t\t\t\t<div class=\"title-block3\"><\/div>\n\t\t\t\t\t\tPresentamos nuestro servicio Moto Taxi en Par\u00eds: la soluci\u00f3n definitiva para un transporte r\u00e1pido y eficiente. Diga adi\u00f3s a los atascos y hola al tiempo ahorrado con nuestras motocicletas Honda Goldwing y conductores experimentados. Experimente comodidad, confort y seguridad como nunca antes. Reserve ahora y descubra la rapidez y fiabilidad de nuestro servicio Moto Taxi en Par\u00eds.\t\t\t\t\t<\/div>\n\t\t\t\t\t\n\t\t\t\t<!-- END .fleet-block -->\n\t\t\t\t<\/div>\n\t\t\t\t\n\t\t\t\t\t\t\t\n\t\t\t\t<!-- BEGIN .fleet-block -->\n\t\t\t\t<div class=\"fleet-block\">\n\t\t\t\t\t\n\t\t\t\t\t\t\t\t\t\t\t\n\t\t\t\t\t\t<div class=\"fleet-block-image\">\n\t\t\t\t\t\t\t\n\t\t\t\t\t\t\t<a href=\"https:\/\/paris-black-cars.com\/es\/flota\/2-minivans-16-seats\/\" rel=\"bookmark\" title=\"2 minivans &#8211; 16 seats\">\n\t\t\t\t\t\t\t\t<img decoding=\"async\" src=\"https:\/\/paris-black-cars.com\/wp-content\/uploads\/2023\/04\/2minivan-600x380.png\" alt=\"2 minivans\" title=\"\">\t\t\t\t\t\t\t<\/a>\n\t\t\t\t\t\t<\/div>\n\n\t\t\t\t\t\t\t\t\t\t\n\t\t\t\t\t<div class=\"fleet-block-content\">\n\t\t\t\t\t\t\n\t\t\t\t\t\t\t\t\t\t\t\t\t<div class=\"fleet-price\">Desde 140\u20ac<\/div>\n\t\t\t\t\t\t\t\t\t\t\t\t\n\t\t\t\t\t\t<h4><a href=\"https:\/\/paris-black-cars.com\/es\/flota\/2-minivans-16-seats\/\" rel=\"bookmark\" title=\"2 minivans &#8211; 16 seats\">2 minivans &#8211; 16 seats<\/a><\/h4>\n\t\t\t\t\t\t<div class=\"title-block3\"><\/div>\n\t\t\t\t\t\t2 8-seater Minivans  <p>\r\n<ul class=\"list-style4\">\r\n<li>16 Passengers<\/li>\r\n<li>16 Bags<\/li>\r\n<\/ul>\t\t\t\t\t<\/div>\n\t\t\t\t\t\n\t\t\t\t<!-- END .fleet-block -->\n\t\t\t\t<\/div>\n\t\t\t\t\n\t\t\t\t\t\t\t\n\t\t\t\t<!-- BEGIN .fleet-block -->\n\t\t\t\t<div class=\"fleet-block\">\n\t\t\t\t\t\n\t\t\t\t\t\t\t\t\t\t\t\n\t\t\t\t\t\t<div class=\"fleet-block-image\">\n\t\t\t\t\t\t\t\n\t\t\t\t\t\t\t<a href=\"https:\/\/paris-black-cars.com\/es\/flota\/19-seater-sprinter-minibus\/\" rel=\"bookmark\" title=\"19 Seater Sprinter Minibus\">\n\t\t\t\t\t\t\t\t<img decoding=\"async\" src=\"https:\/\/paris-black-cars.com\/wp-content\/uploads\/2023\/04\/mercedes-benz-sprinter-black-600x380.avif\" alt=\"Sprinter Minibus Paris\" title=\"\">\t\t\t\t\t\t\t<\/a>\n\t\t\t\t\t\t<\/div>\n\n\t\t\t\t\t\t\t\t\t\t\n\t\t\t\t\t<div class=\"fleet-block-content\">\n\t\t\t\t\t\t\n\t\t\t\t\t\t\t\t\t\t\t\t\t<div class=\"fleet-price\">Desde 275\u20ac<\/div>\n\t\t\t\t\t\t\t\t\t\t\t\t\n\t\t\t\t\t\t<h4><a href=\"https:\/\/paris-black-cars.com\/es\/flota\/19-seater-sprinter-minibus\/\" rel=\"bookmark\" title=\"19 Seater Sprinter Minibus\">19 Seater Sprinter Minibus<\/a><\/h4>\n\t\t\t\t\t\t<div class=\"title-block3\"><\/div>\n\t\t\t\t\t\t19 seater Mercedes Sprinter Minibus <p>\r\n<ul class=\"list-style4\">\r\n<li>19 Passengers<\/li>\r\n<li>15 Bags<\/li>\r\n<\/ul>\t\t\t\t\t<\/div>\n\t\t\t\t\t\n\t\t\t\t<!-- END .fleet-block -->\n\t\t\t\t<\/div>\n\t\t\t\t\n\t\t\t\t\t\t\t\n\t\t\t\t<!-- BEGIN .fleet-block -->\n\t\t\t\t<div class=\"fleet-block\">\n\t\t\t\t\t\n\t\t\t\t\t\t\t\t\t\t\t\n\t\t\t\t\t\t<div class=\"fleet-block-image\">\n\t\t\t\t\t\t\t\n\t\t\t\t\t\t\t<a href=\"https:\/\/paris-black-cars.com\/es\/flota\/vip-luxury-minivan\/\" rel=\"bookmark\" title=\"Maybach Luxury Minivan\">\n\t\t\t\t\t\t\t\t<img decoding=\"async\" src=\"https:\/\/paris-black-cars.com\/wp-content\/uploads\/2021\/10\/Klassen-1-600x380.webp\" alt=\"Klassen V Class Paris\" title=\"\">\t\t\t\t\t\t\t<\/a>\n\t\t\t\t\t\t<\/div>\n\n\t\t\t\t\t\t\t\t\t\t\n\t\t\t\t\t<div class=\"fleet-block-content\">\n\t\t\t\t\t\t\n\t\t\t\t\t\t\t\t\t\t\t\t\t<div class=\"fleet-price\">Desde 150\u20ac<\/div>\n\t\t\t\t\t\t\t\t\t\t\t\t\n\t\t\t\t\t\t<h4><a href=\"https:\/\/paris-black-cars.com\/es\/flota\/vip-luxury-minivan\/\" rel=\"bookmark\" title=\"Maybach Luxury Minivan\">Maybach Luxury Minivan<\/a><\/h4>\n\t\t\t\t\t\t<div class=\"title-block3\"><\/div>\n\t\t\t\t\t\tV Class KLASSEN by Maybach<p>\r\n<ul class=\"list-style4\">\r\n<li>4 Passengers<\/li>\r\n<li>5 Bags<\/li>\r\n<\/ul>\t\t\t\t\t<\/div>\n\t\t\t\t\t\n\t\t\t\t<!-- END .fleet-block -->\n\t\t\t\t<\/div>\n\t\t\t\t\n\t\t\t\t\t\t\t\n\t\t\t\t<!-- BEGIN .fleet-block -->\n\t\t\t\t<div class=\"fleet-block\">\n\t\t\t\t\t\n\t\t\t\t\t\t\t\t\t\t\t\n\t\t\t\t\t\t<div class=\"fleet-block-image\">\n\t\t\t\t\t\t\t\n\t\t\t\t\t\t\t<a href=\"https:\/\/paris-black-cars.com\/es\/flota\/coche-privado-paris\/\" rel=\"bookmark\" title=\"Coche Sed\u00e1n Confort\">\n\t\t\t\t\t\t\t\t<img decoding=\"async\" src=\"https:\/\/paris-black-cars.com\/wp-content\/uploads\/2023\/12\/bmw-3-series-sedan-color-858696-600x380.avif\" alt=\"Confort Sedan \" title=\"\">\t\t\t\t\t\t\t<\/a>\n\t\t\t\t\t\t<\/div>\n\n\t\t\t\t\t\t\t\t\t\t\n\t\t\t\t\t<div class=\"fleet-block-content\">\n\t\t\t\t\t\t\n\t\t\t\t\t\t\t\t\t\t\t\t\t<div class=\"fleet-price\">Desde 50\u20ac<\/div>\n\t\t\t\t\t\t\t\t\t\t\t\t\n\t\t\t\t\t\t<h4><a href=\"https:\/\/paris-black-cars.com\/es\/flota\/coche-privado-paris\/\" rel=\"bookmark\" title=\"Coche Sed\u00e1n Confort\">Coche Sed\u00e1n Confort<\/a><\/h4>\n\t\t\t\t\t\t<div class=\"title-block3\"><\/div>\n\t\t\t\t\t\tMercedes Clase C, Peugeot 508 o similar<p>\n<ul class=\"list-style4\">\n<li>3 pasajeros<\/li>\n<li>3 Maletas<\/li>\n<\/ul>\n\t\t\t\t\t<\/div>\n\t\t\t\t\t\n\t\t\t\t<!-- END .fleet-block -->\n\t\t\t\t<\/div>\n\t\t\t\t\n\t\t\t\t\t\t\t\n\t\t\t\t<!-- BEGIN .fleet-block -->\n\t\t\t\t<div class=\"fleet-block\">\n\t\t\t\t\t\n\t\t\t\t\t\t\t\t\t\t\t\n\t\t\t\t\t\t<div class=\"fleet-block-image\">\n\t\t\t\t\t\t\t\n\t\t\t\t\t\t\t<a href=\"https:\/\/paris-black-cars.com\/es\/flota\/coche-ejecutivo-paris\/\" rel=\"bookmark\" title=\"Coche sed\u00e1n ejecutivo\">\n\t\t\t\t\t\t\t\t<img decoding=\"async\" src=\"https:\/\/paris-black-cars.com\/wp-content\/uploads\/2019\/02\/50029_st0640_116-600x380.png\" alt=\"Executive Sedan \" title=\"\">\t\t\t\t\t\t\t<\/a>\n\t\t\t\t\t\t<\/div>\n\n\t\t\t\t\t\t\t\t\t\t\n\t\t\t\t\t<div class=\"fleet-block-content\">\n\t\t\t\t\t\t\n\t\t\t\t\t\t\t\t\t\t\t\t\t<div class=\"fleet-price\">Desde 75\u20ac<\/div>\n\t\t\t\t\t\t\t\t\t\t\t\t\n\t\t\t\t\t\t<h4><a href=\"https:\/\/paris-black-cars.com\/es\/flota\/coche-ejecutivo-paris\/\" rel=\"bookmark\" title=\"Coche sed\u00e1n ejecutivo\">Coche sed\u00e1n ejecutivo<\/a><\/h4>\n\t\t\t\t\t\t<div class=\"title-block3\"><\/div>\n\t\t\t\t\t\tEclass Mercedes, A6 Audi o similar<p>\r\n<ul class=\"list-style4\">\r\n<li>3 pasajeros<\/li>\r\n<li>3 Maletas<\/li>\r\n<\/ul>\r\n\t\t\t\t\t<\/div>\n\t\t\t\t\t\n\t\t\t\t<!-- END .fleet-block -->\n\t\t\t\t<\/div>\n\t\t\t\t\n\t\t\t\n\t\t<!-- END .yacht-listing-wrapper -->\n\t\t<\/div>\n\t\t\n\t\t\n\t\t\t\t<div class=\"clearboth\"><\/div>\n\n\t\t\t\t<div class=\"pagination-wrapper clearfix\"><div class='wp-pagenavi' role='navigation'>\n<span class='pages'>P\u00e1gina 1 de 2<\/span><span aria-current='page' class='current'>1<\/span><a class=\"page larger\" title=\"P\u00e1gina 2\" href=\"https:\/\/paris-black-cars.com\/es\/wp-json\/wp\/v2\/pages\/2195\/page\/2\/\">2<\/a><a class=\"nextpostslink\" rel=\"next\" aria-label=\"P\u00e1gina siguiente\" href=\"https:\/\/paris-black-cars.com\/es\/wp-json\/wp\/v2\/pages\/2195\/page\/2\/\">&raquo;<\/a>\n<\/div><\/div><div class=\"clearboth\"><\/div>\n\t\t\t[\/vc_column][\/vc_row]\n<\/div>","protected":false},"excerpt":{"rendered":"<p>[vc_row][vc_column][\/vc_column][\/vc_row]<\/p>\n","protected":false},"author":1,"featured_media":0,"parent":0,"menu_order":0,"comment_status":"closed","ping_status":"closed","template":"","meta":{"footnotes":""},"class_list":["post-2195","page","type-page","status-publish","hentry"],"_links":{"self":[{"href":"https:\/\/paris-black-cars.com\/es\/wp-json\/wp\/v2\/pages\/2195","targetHints":{"allow":["GET"]}}],"collection":[{"href":"https:\/\/paris-black-cars.com\/es\/wp-json\/wp\/v2\/pages"}],"about":[{"href":"https:\/\/paris-black-cars.com\/es\/wp-json\/wp\/v2\/types\/page"}],"author":[{"embeddable":true,"href":"https:\/\/paris-black-cars.com\/es\/wp-json\/wp\/v2\/users\/1"}],"replies":[{"embeddable":true,"href":"https:\/\/paris-black-cars.com\/es\/wp-json\/wp\/v2\/comments?post=2195"}],"version-history":[{"count":2,"href":"https:\/\/paris-black-cars.com\/es\/wp-json\/wp\/v2\/pages\/2195\/revisions"}],"predecessor-version":[{"id":2310,"href":"https:\/\/paris-black-cars.com\/es\/wp-json\/wp\/v2\/pages\/2195\/revisions\/2310"}],"wp:attachment":[{"href":"https:\/\/paris-black-cars.com\/es\/wp-json\/wp\/v2\/media?parent=2195"}],"curies":[{"name":"wp","href":"https:\/\/api.w.org\/{rel}","templated":true}]}}